{"id":2858,"date":"2022-03-17T10:36:46","date_gmt":"2022-03-17T09:36:46","guid":{"rendered":"https:\/\/tulpenfestival.nl\/?page_id=2858"},"modified":"2026-01-16T19:52:00","modified_gmt":"2026-01-16T18:52:00","slug":"home-maart-2022","status":"publish","type":"page","link":"https:\/\/dev.tulpenfestival.nl\/de\/","title":{"rendered":"Home maart 2024"},"content":{"rendered":"<div class=\"wpb-content-wrapper\"><p>[vc_row full_width=&#8221;stretch_row&#8221; bg_type=&#8221;bg_color&#8221; css=&#8221;.vc_custom_1620301180691{margin-top: 0px !important;}&#8221; bg_color_value=&#8221;#ffffff&#8221;][vc_column width=&#8221;2\/3&#8243;][vc_custom_heading text=&#8221;&#8221; font_container=&#8221;tag:h2|font_size:37|text_align:left|color:%23000000&#8243; google_fonts=&#8221;font_family:Handlee%3Aregular|font_style:400%20regular%3A400%3Anormal&#8221; css=&#8221;.vc_custom_1715073578029{margin-bottom: 0px !important;}&#8221; el_class=&#8221;date-header&#8221;][vc_column_text]<\/p>\n<h2>Tulpenfest Noordoostpolder<\/h2>\n<p>[\/vc_column_text][\/vc_column][vc_column width=&#8221;1\/3&#8243;][vc_single_image image=&#8221;60&#8243; img_size=&#8221;full&#8221; alignment=&#8221;center&#8221; onclick=&#8221;custom_link&#8221; img_link_target=&#8221;_blank&#8221; link=&#8221;http:\/\/www.profytodsd.nl\/&#8221;][\/vc_column][\/vc_row][vc_section full_width=&#8221;stretch_row&#8221; el_class=&#8221;pos-y&#8221; css=&#8221;.vc_custom_1762094149316{padding-bottom: 120px !important;background-image: url(https:\/\/tulpenfestival.nl\/wp-content\/uploads\/2025\/11\/Tulpenfestival_website_\u00a9David-Verolme-1.jpg?id=4481) !important;background-position: center !important;background-repeat: no-repeat !important;background-size: cover !important;}&#8221;][vc_row full_width=&#8221;stretch_row&#8221; equal_height=&#8221;yes&#8221; content_placement=&#8221;middle&#8221; css=&#8221;.vc_custom_1618315183297{margin-top: 0px !important;}&#8221;][vc_column]<div class=\"ult-spacer spacer-69d94bc9df4a9\" data-id=\"69d94bc9df4a9\" data-height=\"200\" data-height-mobile=\"175\" data-height-tab=\"175\" data-height-tab-portrait=\"200\" data-height-mobile-landscape=\"100\" style=\"clear:both;display:block;\"><\/div>[\/vc_column][\/vc_row][\/vc_section][vc_row css=&#8221;.vc_custom_1647509775651{margin-top: 45px !important;}&#8221;][vc_column width=&#8221;2\/3&#8243;][vc_custom_heading text=&#8221;Besuchen sie das tulpe festival vom 17 april bis 3 mai!&#8221; font_container=&#8221;tag:h5|text_align:center|color:%23000000&#8243; google_fonts=&#8221;font_family:Handlee%3Aregular|font_style:400%20regular%3A400%3Anormal&#8221; css=&#8221;.vc_custom_1768589270221{margin-bottom: 5px !important;}&#8221;][vc_column_text css=&#8221;&#8221;]<\/p>\n<p style=\"text-align: center;\">Willkommen im Noordoostpolder, dem gr\u00f6\u00dften Tulpengebiet der Niederlande. Im Fr\u00fchling bl\u00fchen die 2000 Hektar Tulpen, und die Landschaft verwandelt sich in ein wundersch\u00f6nes, farbenfrohes Ganzes.Um Ihnen dieses sch\u00f6ne Produkt und diesen einzigartigen Teil der Niederlande n\u00e4her zu bringen, wird seit dem Jahr 2000 das Tulpenfest veranstaltet.<\/p>\n<p style=\"text-align: center;\">Das Tulpenfest beginnt offiziell am 17. April, allein schon wegen des sch\u00f6nen Wetters zeigen sich die Tulpen! \ud83d\udc40 Wenn Sie die Strecke in den kommenden Tagen fahren m\u00f6chten, k\u00f6nnen Sie mit der App oder mit dem Tulpenflyer inklusive Streckenkarte bei Renne Streekproducten in Nagele starten. Den Flyer finden Sie auch hier. Viel Spa\u00df im Namen der gesamten Organisation des Tulpenfestes! \ud83c\udf37<\/p>\n<p style=\"text-align: center;\"><strong>Dieses Aftermovie des Tulpenfestes gibt Ihnen einen guten Eindruck von der Sch\u00f6nheit dieses Festes:<\/strong><\/p>\n<p>&nbsp;<\/p>\n<div style=\"width: 1200px;\" class=\"wp-video\"><!--[if lt IE 9]><script>document.createElement('video');<\/script><![endif]-->\n<video class=\"wp-video-shortcode\" id=\"video-2858-1\" width=\"1200\" height=\"675\" preload=\"metadata\" controls=\"controls\"><source type=\"video\/mp4\" src=\"https:\/\/tulpenfestival.nl\/wp-content\/uploads\/2024\/05\/step_-_tulpenfestival_2024-720p.mp4?_=1\" \/><a href=\"https:\/\/tulpenfestival.nl\/wp-content\/uploads\/2024\/05\/step_-_tulpenfestival_2024-720p.mp4\">https:\/\/tulpenfestival.nl\/wp-content\/uploads\/2024\/05\/step_-_tulpenfestival_2024-720p.mp4<\/a><\/video><\/div>[\/vc_column_text]<style type=\"text\/css\" data-type=\"the7_shortcodes-inline-css\">.gallery-shortcode.gallery-masonry-shortcode-id-2b7ec245acb0dc6172939b74ff53067b figure,\n.gallery-shortcode.gallery-masonry-shortcode-id-2b7ec245acb0dc6172939b74ff53067b .rollover,\n.gallery-shortcode.gallery-masonry-shortcode-id-2b7ec245acb0dc6172939b74ff53067b img,\n.gallery-shortcode.gallery-masonry-shortcode-id-2b7ec245acb0dc6172939b74ff53067b .gallery-rollover {\n  border-radius: 0px;\n}\n.gallery-shortcode.gallery-masonry-shortcode-id-2b7ec245acb0dc6172939b74ff53067b.enable-bg-rollover .gallery-rollover {\n  background: -webkit-linear-gradient();\n  background: linear-gradient();\n}\n.gallery-shortcode.gallery-masonry-shortcode-id-2b7ec245acb0dc6172939b74ff53067b.enable-bg-rollover.hover-scale figure .rollover:after {\n  background: -webkit-linear-gradient();\n  background: linear-gradient();\n}\n.gallery-shortcode.gallery-masonry-shortcode-id-2b7ec245acb0dc6172939b74ff53067b .gallery-zoom-ico {\n  width: 44px;\n  height: 44px;\n  line-height: 44px;\n  border-radius: 100px;\n  margin: -22px 0 0 -22px;\n  border-width: 0px;\n  color: #ffffff;\n}\n.dt-icon-bg-on.gallery-shortcode.gallery-masonry-shortcode-id-2b7ec245acb0dc6172939b74ff53067b .gallery-zoom-ico {\n  background: rgba(255,255,255,0.3);\n  box-shadow: none;\n}\n.gallery-shortcode.gallery-masonry-shortcode-id-2b7ec245acb0dc6172939b74ff53067b .gallery-zoom-ico:before,\n.gallery-shortcode.gallery-masonry-shortcode-id-2b7ec245acb0dc6172939b74ff53067b .gallery-zoom-ico span {\n  font-size: 32px;\n  line-height: 44px;\n  color: #ffffff;\n}\n.gallery-shortcode.gallery-masonry-shortcode-id-2b7ec245acb0dc6172939b74ff53067b:not(.resize-by-browser-width) .dt-css-grid {\n  grid-row-gap: 10px;\n  grid-column-gap: 10px;\n  grid-template-columns: repeat(auto-fill,minmax(,1fr));\n}\n.gallery-shortcode.gallery-masonry-shortcode-id-2b7ec245acb0dc6172939b74ff53067b:not(.resize-by-browser-width) .dt-css-grid .double-width {\n  grid-column: span 2;\n}\n.cssgridlegacy.no-cssgrid .gallery-shortcode.gallery-masonry-shortcode-id-2b7ec245acb0dc6172939b74ff53067b:not(.resize-by-browser-width) .dt-css-grid,\n.no-cssgridlegacy.no-cssgrid .gallery-shortcode.gallery-masonry-shortcode-id-2b7ec245acb0dc6172939b74ff53067b:not(.resize-by-browser-width) .dt-css-grid {\n  display: flex;\n  flex-flow: row wrap;\n  margin: -5px;\n}\n.cssgridlegacy.no-cssgrid .gallery-shortcode.gallery-masonry-shortcode-id-2b7ec245acb0dc6172939b74ff53067b:not(.resize-by-browser-width) .dt-css-grid .wf-cell,\n.no-cssgridlegacy.no-cssgrid .gallery-shortcode.gallery-masonry-shortcode-id-2b7ec245acb0dc6172939b74ff53067b:not(.resize-by-browser-width) .dt-css-grid .wf-cell {\n  flex: 1 0 ;\n  max-width: 100%;\n  padding: 5px;\n  box-sizing: border-box;\n}\n.gallery-shortcode.gallery-masonry-shortcode-id-2b7ec245acb0dc6172939b74ff53067b.resize-by-browser-width .dt-css-grid {\n  grid-template-columns: repeat(3,1fr);\n  grid-template-rows: auto;\n  grid-column-gap: 10px;\n  grid-row-gap: 10px;\n}\n.gallery-shortcode.gallery-masonry-shortcode-id-2b7ec245acb0dc6172939b74ff53067b.resize-by-browser-width .dt-css-grid .double-width {\n  grid-column: span 2;\n}\n.cssgridlegacy.no-cssgrid .gallery-shortcode.gallery-masonry-shortcode-id-2b7ec245acb0dc6172939b74ff53067b.resize-by-browser-width .dt-css-grid {\n  margin: -5px;\n}\n.cssgridlegacy.no-cssgrid .gallery-shortcode.gallery-masonry-shortcode-id-2b7ec245acb0dc6172939b74ff53067b.resize-by-browser-width .dt-css-grid .wf-cell {\n  width: 33.333333333333%;\n  padding: 5px;\n}\n.cssgridlegacy.no-cssgrid .gallery-shortcode.gallery-masonry-shortcode-id-2b7ec245acb0dc6172939b74ff53067b.resize-by-browser-width .dt-css-grid .wf-cell.double-width {\n  width: calc(33.333333333333%) * 2;\n}\n.gallery-shortcode.gallery-masonry-shortcode-id-2b7ec245acb0dc6172939b74ff53067b.resize-by-browser-width:not(.centered-layout-list):not(.content-bg-on) .dt-css-grid {\n  grid-row-gap: 10px - ;\n}\n@media screen and (max-width: 1199px) {\n  .gallery-shortcode.gallery-masonry-shortcode-id-2b7ec245acb0dc6172939b74ff53067b.resize-by-browser-width .dt-css-grid {\n    grid-template-columns: repeat(4,1fr);\n  }\n  .cssgridlegacy.no-cssgrid .gallery-shortcode.gallery-masonry-shortcode-id-2b7ec245acb0dc6172939b74ff53067b.resize-by-browser-width .dt-css-grid .wf-cell,\n  .no-cssgridlegacy.no-cssgrid .gallery-shortcode.gallery-masonry-shortcode-id-2b7ec245acb0dc6172939b74ff53067b.resize-by-browser-width .dt-css-grid .wf-cell {\n    width: 25%;\n  }\n  .cssgridlegacy.no-cssgrid .gallery-shortcode.gallery-masonry-shortcode-id-2b7ec245acb0dc6172939b74ff53067b.resize-by-browser-width .dt-css-grid .wf-cell.double-width,\n  .no-cssgridlegacy.no-cssgrid .gallery-shortcode.gallery-masonry-shortcode-id-2b7ec245acb0dc6172939b74ff53067b.resize-by-browser-width .dt-css-grid .wf-cell.double-width {\n    width: calc(25%)*2;\n  }\n}\n@media screen and (max-width: 991px) {\n  .gallery-shortcode.gallery-masonry-shortcode-id-2b7ec245acb0dc6172939b74ff53067b.resize-by-browser-width .dt-css-grid {\n    grid-template-columns: repeat(3,1fr);\n  }\n  .cssgridlegacy.no-cssgrid .gallery-shortcode.gallery-masonry-shortcode-id-2b7ec245acb0dc6172939b74ff53067b.resize-by-browser-width .dt-css-grid .wf-cell,\n  .no-cssgridlegacy.no-cssgrid .gallery-shortcode.gallery-masonry-shortcode-id-2b7ec245acb0dc6172939b74ff53067b.resize-by-browser-width .dt-css-grid .wf-cell {\n    width: 33.333333333333%;\n  }\n  .cssgridlegacy.no-cssgrid .gallery-shortcode.gallery-masonry-shortcode-id-2b7ec245acb0dc6172939b74ff53067b.resize-by-browser-width .dt-css-grid .wf-cell.double-width,\n  .no-cssgridlegacy.no-cssgrid .gallery-shortcode.gallery-masonry-shortcode-id-2b7ec245acb0dc6172939b74ff53067b.resize-by-browser-width .dt-css-grid .wf-cell.double-width {\n    width: calc(33.333333333333%)*2;\n  }\n}\n@media screen and (max-width: 767px) {\n  .gallery-shortcode.gallery-masonry-shortcode-id-2b7ec245acb0dc6172939b74ff53067b.resize-by-browser-width .dt-css-grid {\n    grid-template-columns: repeat(2,1fr);\n  }\n  .cssgridlegacy.no-cssgrid .gallery-shortcode.gallery-masonry-shortcode-id-2b7ec245acb0dc6172939b74ff53067b.resize-by-browser-width .dt-css-grid .wf-cell,\n  .no-cssgridlegacy.no-cssgrid .gallery-shortcode.gallery-masonry-shortcode-id-2b7ec245acb0dc6172939b74ff53067b.resize-by-browser-width .dt-css-grid .wf-cell {\n    width: 50%;\n  }\n  .cssgridlegacy.no-cssgrid .gallery-shortcode.gallery-masonry-shortcode-id-2b7ec245acb0dc6172939b74ff53067b.resize-by-browser-width .dt-css-grid .wf-cell.double-width,\n  .no-cssgridlegacy.no-cssgrid .gallery-shortcode.gallery-masonry-shortcode-id-2b7ec245acb0dc6172939b74ff53067b.resize-by-browser-width .dt-css-grid .wf-cell.double-width {\n    width: calc(50%)*2;\n  }\n}<\/style><div class=\"gallery-shortcode dt-gallery-container gallery-masonry-shortcode-id-2b7ec245acb0dc6172939b74ff53067b mode-grid jquery-filter dt-icon-bg-off quick-scale-img dt-css-grid-wrap enable-bg-rollover resize-by-browser-width  hover-fade loading-effect-none description-on-hover\" data-padding=\"5px\" data-cur-page=\"1\" data-post-limit=\"-1\" data-pagination-mode=\"none\" data-desktop-columns-num=\"3\" data-v-tablet-columns-num=\"3\" data-h-tablet-columns-num=\"4\" data-phone-columns-num=\"2\" data-width=\"0px\" data-columns=\"0\"><div class=\"dt-css-grid\" ><div class=\"wf-cell\" data-post-id=\"3845\" data-date=\"2024-02-20T20:10:46+01:00\" data-name=\"2023_Tulpenfestival_StEP_Web-Sjors_Evers-149\"><figure class=\"post visible\"><a href=\"https:\/\/dev.tulpenfestival.nl\/wp-content\/uploads\/2024\/02\/2023_Tulpenfestival_StEP_Web-Sjors_Evers-149.jpg\" class=\"rollover dt-pswp-item layzr-bg\" data-large_image_width=\"2000\" data-large_image_height=\"1335\" data-dt-img-description=\"\" title=\"2023_Tulpenfestival_StEP_Web-Sjors_Evers-149\"><img fetchpriority=\"high\" decoding=\"async\" class=\"preload-me iso-lazy-load aspect\" src=\"data:image\/svg+xml,%3Csvg%20xmlns%3D&#39;http%3A%2F%2Fwww.w3.org%2F2000%2Fsvg&#39;%20viewBox%3D&#39;0%200%20402%20402&#39;%2F%3E\" data-src=\"https:\/\/dev.tulpenfestival.nl\/wp-content\/uploads\/2024\/02\/2023_Tulpenfestival_StEP_Web-Sjors_Evers-149-402x402.jpg\" data-srcset=\"https:\/\/dev.tulpenfestival.nl\/wp-content\/uploads\/2024\/02\/2023_Tulpenfestival_StEP_Web-Sjors_Evers-149-402x402.jpg 402w, https:\/\/dev.tulpenfestival.nl\/wp-content\/uploads\/2024\/02\/2023_Tulpenfestival_StEP_Web-Sjors_Evers-149-603x603.jpg 603w\" loading=\"eager\" style=\"--ratio: 402 \/ 402\" sizes=\"(max-width: 402px) 100vw, 402px\" alt=\"\" width=\"402\" height=\"402\"  \/><span class=\"gallery-rollover\"><span class=\"gallery-zoom-ico icomoon-the7-font-the7-zoom-06\"><span><\/span><\/span><\/span><\/a><\/figure><\/div><div class=\"wf-cell\" data-post-id=\"3815\" data-date=\"2024-02-20T20:10:03+01:00\" data-name=\"2023_Tulpenfestival_StEP_Web-Sjors_Evers-117\"><figure class=\"post visible\"><a href=\"https:\/\/dev.tulpenfestival.nl\/wp-content\/uploads\/2024\/02\/2023_Tulpenfestival_StEP_Web-Sjors_Evers-117.jpg\" class=\"rollover dt-pswp-item layzr-bg\" data-large_image_width=\"2000\" data-large_image_height=\"1335\" data-dt-img-description=\"\" ><img decoding=\"async\" class=\"preload-me iso-lazy-load aspect\" src=\"data:image\/svg+xml,%3Csvg%20xmlns%3D&#39;http%3A%2F%2Fwww.w3.org%2F2000%2Fsvg&#39;%20viewBox%3D&#39;0%200%20402%20402&#39;%2F%3E\" data-src=\"https:\/\/dev.tulpenfestival.nl\/wp-content\/uploads\/2024\/02\/2023_Tulpenfestival_StEP_Web-Sjors_Evers-117-402x402.jpg\" data-srcset=\"https:\/\/dev.tulpenfestival.nl\/wp-content\/uploads\/2024\/02\/2023_Tulpenfestival_StEP_Web-Sjors_Evers-117-402x402.jpg 402w, https:\/\/dev.tulpenfestival.nl\/wp-content\/uploads\/2024\/02\/2023_Tulpenfestival_StEP_Web-Sjors_Evers-117-603x603.jpg 603w\" loading=\"eager\" style=\"--ratio: 402 \/ 402\" sizes=\"(max-width: 402px) 100vw, 402px\" alt=\"\" width=\"402\" height=\"402\"  \/><span class=\"gallery-rollover\"><span class=\"gallery-zoom-ico icomoon-the7-font-the7-zoom-06\"><span><\/span><\/span><\/span><\/a><\/figure><\/div><div class=\"wf-cell\" data-post-id=\"3800\" data-date=\"2024-02-20T20:05:20+01:00\" data-name=\"2023_Tulpenfestival_StEP_Web-Sjors_Evers-96\"><figure class=\"post visible\"><a href=\"https:\/\/dev.tulpenfestival.nl\/wp-content\/uploads\/2024\/02\/2023_Tulpenfestival_StEP_Web-Sjors_Evers-96.jpg\" class=\"rollover dt-pswp-item layzr-bg\" data-large_image_width=\"2000\" data-large_image_height=\"1335\" data-dt-img-description=\"\" ><img decoding=\"async\" class=\"preload-me iso-lazy-load aspect\" src=\"data:image\/svg+xml,%3Csvg%20xmlns%3D&#39;http%3A%2F%2Fwww.w3.org%2F2000%2Fsvg&#39;%20viewBox%3D&#39;0%200%20402%20402&#39;%2F%3E\" data-src=\"https:\/\/dev.tulpenfestival.nl\/wp-content\/uploads\/2024\/02\/2023_Tulpenfestival_StEP_Web-Sjors_Evers-96-402x402.jpg\" data-srcset=\"https:\/\/dev.tulpenfestival.nl\/wp-content\/uploads\/2024\/02\/2023_Tulpenfestival_StEP_Web-Sjors_Evers-96-402x402.jpg 402w, https:\/\/dev.tulpenfestival.nl\/wp-content\/uploads\/2024\/02\/2023_Tulpenfestival_StEP_Web-Sjors_Evers-96-603x603.jpg 603w\" loading=\"eager\" style=\"--ratio: 402 \/ 402\" sizes=\"(max-width: 402px) 100vw, 402px\" alt=\"\" width=\"402\" height=\"402\"  \/><span class=\"gallery-rollover\"><span class=\"gallery-zoom-ico icomoon-the7-font-the7-zoom-06\"><span><\/span><\/span><\/span><\/a><\/figure><\/div><div class=\"wf-cell\" data-post-id=\"3818\" data-date=\"2024-02-20T20:10:08+01:00\" data-name=\"2023_Tulpenfestival_StEP_Web-Sjors_Evers-118\"><figure class=\"post visible\"><a href=\"https:\/\/dev.tulpenfestival.nl\/wp-content\/uploads\/2024\/02\/2023_Tulpenfestival_StEP_Web-Sjors_Evers-118.jpg\" class=\"rollover dt-pswp-item layzr-bg\" data-large_image_width=\"2000\" data-large_image_height=\"1331\" data-dt-img-description=\"\" title=\"2023_Tulpenfestival_StEP_Web-Sjors_Evers-118\"><img decoding=\"async\" class=\"preload-me iso-lazy-load aspect\" src=\"data:image\/svg+xml,%3Csvg%20xmlns%3D&#39;http%3A%2F%2Fwww.w3.org%2F2000%2Fsvg&#39;%20viewBox%3D&#39;0%200%20402%20402&#39;%2F%3E\" data-src=\"https:\/\/dev.tulpenfestival.nl\/wp-content\/uploads\/2024\/02\/2023_Tulpenfestival_StEP_Web-Sjors_Evers-118-402x402.jpg\" data-srcset=\"https:\/\/dev.tulpenfestival.nl\/wp-content\/uploads\/2024\/02\/2023_Tulpenfestival_StEP_Web-Sjors_Evers-118-402x402.jpg 402w, https:\/\/dev.tulpenfestival.nl\/wp-content\/uploads\/2024\/02\/2023_Tulpenfestival_StEP_Web-Sjors_Evers-118-603x603.jpg 603w\" loading=\"eager\" style=\"--ratio: 402 \/ 402\" sizes=\"(max-width: 402px) 100vw, 402px\" alt=\"\" width=\"402\" height=\"402\"  \/><span class=\"gallery-rollover\"><span class=\"gallery-zoom-ico icomoon-the7-font-the7-zoom-06\"><span><\/span><\/span><\/span><\/a><\/figure><\/div><div class=\"wf-cell\" data-post-id=\"3764\" data-date=\"2024-02-20T20:04:22+01:00\" data-name=\"2023_Tulpenfestival_StEP_Web-Sjors_Evers-44\"><figure class=\"post visible\"><a href=\"https:\/\/dev.tulpenfestival.nl\/wp-content\/uploads\/2024\/02\/2023_Tulpenfestival_StEP_Web-Sjors_Evers-44.jpg\" class=\"rollover dt-pswp-item layzr-bg\" data-large_image_width=\"2000\" data-large_image_height=\"1335\" data-dt-img-description=\"\" title=\"2023_Tulpenfestival_StEP_Web-Sjors_Evers-44\"><img decoding=\"async\" class=\"preload-me iso-lazy-load aspect\" src=\"data:image\/svg+xml,%3Csvg%20xmlns%3D&#39;http%3A%2F%2Fwww.w3.org%2F2000%2Fsvg&#39;%20viewBox%3D&#39;0%200%20402%20402&#39;%2F%3E\" data-src=\"https:\/\/dev.tulpenfestival.nl\/wp-content\/uploads\/2024\/02\/2023_Tulpenfestival_StEP_Web-Sjors_Evers-44-402x402.jpg\" data-srcset=\"https:\/\/dev.tulpenfestival.nl\/wp-content\/uploads\/2024\/02\/2023_Tulpenfestival_StEP_Web-Sjors_Evers-44-402x402.jpg 402w, https:\/\/dev.tulpenfestival.nl\/wp-content\/uploads\/2024\/02\/2023_Tulpenfestival_StEP_Web-Sjors_Evers-44-603x603.jpg 603w\" loading=\"eager\" style=\"--ratio: 402 \/ 402\" sizes=\"(max-width: 402px) 100vw, 402px\" alt=\"\" width=\"402\" height=\"402\"  \/><span class=\"gallery-rollover\"><span class=\"gallery-zoom-ico icomoon-the7-font-the7-zoom-06\"><span><\/span><\/span><\/span><\/a><\/figure><\/div><div class=\"wf-cell\" data-post-id=\"3881\" data-date=\"2024-02-20T20:18:22+01:00\" data-name=\"\"><figure class=\"post visible\"><a href=\"https:\/\/dev.tulpenfestival.nl\/wp-content\/uploads\/2024\/02\/2023_Tulpenfestival_StEP_Web-Sjors_Evers-10-1.jpg\" class=\"rollover dt-pswp-item layzr-bg\" data-large_image_width=\"2000\" data-large_image_height=\"1335\" data-dt-img-description=\"\" ><img decoding=\"async\" class=\"preload-me iso-lazy-load aspect\" src=\"data:image\/svg+xml,%3Csvg%20xmlns%3D&#39;http%3A%2F%2Fwww.w3.org%2F2000%2Fsvg&#39;%20viewBox%3D&#39;0%200%20402%20402&#39;%2F%3E\" data-src=\"https:\/\/dev.tulpenfestival.nl\/wp-content\/uploads\/2024\/02\/2023_Tulpenfestival_StEP_Web-Sjors_Evers-10-1-402x402.jpg\" data-srcset=\"https:\/\/dev.tulpenfestival.nl\/wp-content\/uploads\/2024\/02\/2023_Tulpenfestival_StEP_Web-Sjors_Evers-10-1-402x402.jpg 402w, https:\/\/dev.tulpenfestival.nl\/wp-content\/uploads\/2024\/02\/2023_Tulpenfestival_StEP_Web-Sjors_Evers-10-1-603x603.jpg 603w\" loading=\"eager\" style=\"--ratio: 402 \/ 402\" sizes=\"(max-width: 402px) 100vw, 402px\" alt=\"\" width=\"402\" height=\"402\"  \/><span class=\"gallery-rollover\"><span class=\"gallery-zoom-ico icomoon-the7-font-the7-zoom-06\"><span><\/span><\/span><\/span><\/a><\/figure><\/div><\/div><!-- iso-container|iso-grid --><\/div>[\/vc_column][vc_column width=&#8221;1\/3&#8243; css=&#8221;.vc_custom_1647512558841{padding-bottom: 30px !important;}&#8221;]<div class=\"ult-content-box-container \" >\t\t<div class=\"ult-content-box\" style=\"background-color:#A8C160;box-shadow: px px none;-webkit-transition: all 700ms ease;-moz-transition: all 700ms ease;-ms-transition: all 700ms ease;-o-transition: all 700ms ease;transition: all 700ms ease;\"  data-hover_box_shadow=\"none\"     data-bg=\"#A8C160\" >[vc_column_text css=&#8221;&#8221;]\n<div id=\"gauge\">\n  <canvas id=\"gauge-canvas\" width=\"320\" height=\"150\" data-height=\"150\" data-percentage=\"0\"><\/canvas>\n  <div id=\"gauge-textfield\"><\/div>\n<\/div>\n[\/vc_column_text]\t\t<\/div><\/div>[vc_column_text css=&#8221;&#8221;]<\/p>\n<p style=\"text-align: center;\"><strong>Sind die Tulpen schon in voller Bl\u00fcte?<\/strong><\/p>\n<p style=\"text-align: center;\">Tulpen sind sehr fotogen. Wir k\u00f6nnen jedoch nicht garantieren, dass alle von Ihnen zur gleichen Zeit es ist in voller Bl\u00fcte. Dies ist stark vom Wetter abh\u00e4ngig. W\u00e4hrend der pass-Kosten, die wir verwenden werden, diese bloeimeter, die Sie dar\u00fcber informieren, welche Teile der Tulpenfelder, die (Ungef\u00e4hre) in voller Bl\u00fcte.<\/p>\n<p>[\/vc_column_text][vc_empty_space]<style type=\"text\/css\" data-type=\"the7_shortcodes-inline-css\">#default-btn-d5f67f45b427301199e22e2bb27404fd {\n  border-radius: 200px;\n  font-size: 30px;\n  line-height: 32px;\n}\n.btn-shadow#default-btn-d5f67f45b427301199e22e2bb27404fd {\n  box-shadow: 0 1px 6px rgba(0,0,0,0.12);\n  transition: box-shadow 0.2s ease-out, opacity 0.45s;\n}\n.btn-shadow#default-btn-d5f67f45b427301199e22e2bb27404fd:hover {\n  box-shadow: 0 5px 11px 0 rgba(0,0,0,0.18), 0 4px 15px 0 rgba(0,0,0,0.15);\n}\n.btn-flat#default-btn-d5f67f45b427301199e22e2bb27404fd {\n  box-shadow: none;\n}\n.btn-flat#default-btn-d5f67f45b427301199e22e2bb27404fd:hover {\n  box-shadow: none;\n}\n#default-btn-d5f67f45b427301199e22e2bb27404fd.ico-right-side > i {\n  margin-right: 0px;\n  margin-left: 8px;\n}\n#default-btn-d5f67f45b427301199e22e2bb27404fd > i {\n  margin-right: 8px;\n  font-size: 28px;\n}\n#default-btn-d5f67f45b427301199e22e2bb27404fd:not(:hover) {\n  border-width: 0px;\n  padding: 6px 15px 6px 15px;\n}\n#default-btn-d5f67f45b427301199e22e2bb27404fd:hover {\n  border-width: 0px;\n  padding: 6px 15px 6px 15px;\n}\n#default-btn-d5f67f45b427301199e22e2bb27404fd.ico-right-side > i {\n  margin-right: 0px;\n  margin-left: 8px;\n}\n#default-btn-d5f67f45b427301199e22e2bb27404fd > i {\n  margin-right: 8px;\n}<\/style><a href=\"https:\/\/www.facebook.com\/Tulpenfestival\/\" class=\"default-btn-shortcode dt-btn link-hover-off ico-right-side full-width-btn btn-inline-left btn-flat  vc_custom_1737640748363\" target=\"_blank\" id=\"default-btn-d5f67f45b427301199e22e2bb27404fd\" rel=\"noopener\"><span>Like uns auf Facebook!<\/span><i class=\"Defaults-facebook-square\"><\/i><\/a><style type=\"text\/css\" data-type=\"the7_shortcodes-inline-css\">#default-btn-3780cc07237667a1a1acf5df252e07c5 {\n  border-radius: 200px;\n  font-size: 30px;\n  line-height: 32px;\n}\n.btn-shadow#default-btn-3780cc07237667a1a1acf5df252e07c5 {\n  box-shadow: 0 1px 6px rgba(0,0,0,0.12);\n  transition: box-shadow 0.2s ease-out, opacity 0.45s;\n}\n.btn-shadow#default-btn-3780cc07237667a1a1acf5df252e07c5:hover {\n  box-shadow: 0 5px 11px 0 rgba(0,0,0,0.18), 0 4px 15px 0 rgba(0,0,0,0.15);\n}\n.btn-flat#default-btn-3780cc07237667a1a1acf5df252e07c5 {\n  box-shadow: none;\n}\n.btn-flat#default-btn-3780cc07237667a1a1acf5df252e07c5:hover {\n  box-shadow: none;\n}\n#default-btn-3780cc07237667a1a1acf5df252e07c5.ico-right-side > i {\n  margin-right: 0px;\n  margin-left: 8px;\n}\n#default-btn-3780cc07237667a1a1acf5df252e07c5 > i {\n  margin-right: 8px;\n  font-size: 28px;\n}\n#default-btn-3780cc07237667a1a1acf5df252e07c5:not(:hover) {\n  border-width: 0px;\n  padding: 6px 15px 6px 15px;\n}\n#default-btn-3780cc07237667a1a1acf5df252e07c5:hover {\n  border-width: 0px;\n  padding: 6px 15px 6px 15px;\n}\n#default-btn-3780cc07237667a1a1acf5df252e07c5.ico-right-side > i {\n  margin-right: 0px;\n  margin-left: 8px;\n}\n#default-btn-3780cc07237667a1a1acf5df252e07c5 > i {\n  margin-right: 8px;\n}<\/style><a href=\"https:\/\/www.instagram.com\/tulpenfestival_noordoostpolder\/\" class=\"default-btn-shortcode dt-btn link-hover-off ico-right-side full-width-btn btn-inline-left btn-flat  vc_custom_1737640796401\" target=\"_blank\" id=\"default-btn-3780cc07237667a1a1acf5df252e07c5\" rel=\"noopener\"><span>Folgen Sie uns auf Instagram!<\/span><i class=\"fab fa-instagram\"><\/i><\/a>[\/vc_column][\/vc_row]<\/p>\n<\/div>","protected":false},"excerpt":{"rendered":"<p>[vc_row full_width=&#8221;stretch_row&#8221; bg_type=&#8221;bg_color&#8221; css=&#8221;.vc_custom_1620301180691{margin-top: 0px !important;}&#8221; bg_color_value=&#8221;#ffffff&#8221;][vc_column width=&#8221;2\/3&#8243;][vc_custom_heading text=&#8221;&#8221; font_container=&#8221;tag:h2|font_size:37|text_align:left|color:%23000000&#8243; google_fonts=&#8221;font_family:Handlee%3Aregular|font_style:400%20regular%3A400%3Anormal&#8221; css=&#8221;.vc_custom_1715073578029{margin-bottom: 0px !important;}&#8221; el_class=&#8221;date-header&#8221;][vc_column_text] Tulpenfest Noordoostpolder [\/vc_column_text][\/vc_column][vc_column width=&#8221;1\/3&#8243;][vc_single_image image=&#8221;60&#8243; img_size=&#8221;full&#8221; alignment=&#8221;center&#8221; onclick=&#8221;custom_link&#8221; img_link_target=&#8221;_blank&#8221; link=&#8221;http:\/\/www.profytodsd.nl\/&#8221;][\/vc_column][\/vc_row][vc_section full_width=&#8221;stretch_row&#8221; el_class=&#8221;pos-y&#8221; css=&#8221;.vc_custom_1762094149316{padding-bottom: 120px !important;background-image: url(https:\/\/tulpenfestival.nl\/wp-content\/uploads\/2025\/11\/Tulpenfestival_website_\u00a9David-Verolme-1.jpg?id=4481) !important;background-position: center !important;background-repeat: no-repeat !important;background-size: cover !important;}&#8221;][vc_row full_width=&#8221;stretch_row&#8221; equal_height=&#8221;yes&#8221; content_placement=&#8221;middle&#8221; css=&#8221;.vc_custom_1618315183297{margin-top: 0px !important;}&#8221;][vc_column][\/vc_column][\/vc_row][\/vc_section][vc_row css=&#8221;.vc_custom_1647509775651{margin-top: 45px !important;}&#8221;][vc_column width=&#8221;2\/3&#8243;][vc_custom_heading text=&#8221;Besuchen sie das tulpe festival vom 17&hellip;<\/p>\n","protected":false},"author":1,"featured_media":0,"parent":0,"menu_order":0,"comment_status":"closed","ping_status":"closed","template":"","meta":{"footnotes":""},"class_list":["post-2858","page","type-page","status-publish","hentry","description-off"],"_links":{"self":[{"href":"https:\/\/dev.tulpenfestival.nl\/de\/wp-json\/wp\/v2\/pages\/2858","targetHints":{"allow":["GET"]}}],"collection":[{"href":"https:\/\/dev.tulpenfestival.nl\/de\/wp-json\/wp\/v2\/pages"}],"about":[{"href":"https:\/\/dev.tulpenfestival.nl\/de\/wp-json\/wp\/v2\/types\/page"}],"author":[{"embeddable":true,"href":"https:\/\/dev.tulpenfestival.nl\/de\/wp-json\/wp\/v2\/users\/1"}],"replies":[{"embeddable":true,"href":"https:\/\/dev.tulpenfestival.nl\/de\/wp-json\/wp\/v2\/comments?post=2858"}],"version-history":[{"count":8,"href":"https:\/\/dev.tulpenfestival.nl\/de\/wp-json\/wp\/v2\/pages\/2858\/revisions"}],"predecessor-version":[{"id":4548,"href":"https:\/\/dev.tulpenfestival.nl\/de\/wp-json\/wp\/v2\/pages\/2858\/revisions\/4548"}],"wp:attachment":[{"href":"https:\/\/dev.tulpenfestival.nl\/de\/wp-json\/wp\/v2\/media?parent=2858"}],"curies":[{"name":"wp","href":"https:\/\/api.w.org\/{rel}","templated":true}]}}