{"id":635,"date":"2019-02-01T11:28:57","date_gmt":"2019-02-01T10:28:57","guid":{"rendered":"https:\/\/tulpenfestival.nl\/activiteiten\/"},"modified":"2024-05-08T14:08:03","modified_gmt":"2024-05-08T12:08:03","slug":"aktivitaetenangebot","status":"publish","type":"page","link":"https:\/\/dev.tulpenfestival.nl\/de\/aktivitaetenangebot\/","title":{"rendered":"Aktivit\u00e4ten"},"content":{"rendered":"<div class=\"wpb-content-wrapper\"><p>[vc_row full_width=&#8221;stretch_row&#8221; bg_type=&#8221;bg_color&#8221; css=&#8221;.vc_custom_1548855997701{margin-top: 0px !important;}&#8221; bg_color_value=&#8221;#ffffff&#8221;][vc_column width=&#8221;2\/3&#8243;][vc_custom_heading text=&#8221;&#8221; font_container=&#8221;tag:h2|font_size:37|text_align:left|color:%23000000&#8243; google_fonts=&#8221;font_family:Handlee%3Aregular|font_style:400%20regular%3A400%3Anormal&#8221; css=&#8221;.vc_custom_1715170082974{margin-bottom: 0px !important;}&#8221;][vc_column_text]<\/p>\n<h1>Tulpenfest Noordoostpolder<\/h1>\n<p>[\/vc_column_text][\/vc_column][vc_column width=&#8221;1\/3&#8243;][vc_single_image image=&#8221;35&#8243; img_size=&#8221;full&#8221; alignment=&#8221;center&#8221; onclick=&#8221;custom_link&#8221; img_link_target=&#8221;_blank&#8221; link=&#8221;http:\/\/www.profytodsd.nl\/&#8221;][\/vc_column][\/vc_row][vc_row full_width=&#8221;stretch_row&#8221; bg_type=&#8221;image&#8221; parallax_style=&#8221;vcpb-default&#8221; bg_image_new=&#8221;id^2999|url^https:\/\/tulpenfestival.nl\/wp-content\/uploads\/2022\/04\/20190429_StEP_Steppentocht_Highres-5.jpg|caption^null|alt^null|title^20190429_StEP_Steppentocht_Highres-5|description^null&#8221; bg_image_repeat=&#8221;no-repeat&#8221; css=&#8221;.vc_custom_1649227583804{margin-bottom: 0px !important;}&#8221;][vc_column]<div class=\"ult-spacer spacer-69d96467b8b35\" data-id=\"69d96467b8b35\" data-height=\"250\" data-height-mobile=\"175\" data-height-tab=\"200\" data-height-tab-portrait=\"200\" data-height-mobile-landscape=\"175\" style=\"clear:both;display:block;\"><\/div>[\/vc_column][\/vc_row][vc_row full_width=&#8221;stretch_row&#8221; bg_type=&#8221;bg_color&#8221; bg_color_value=&#8221;rgba(0,0,0,0.13)&#8221; css=&#8221;.vc_custom_1549019602250{margin-top: 0px !important;margin-bottom: 50px !important;}&#8221;][vc_column][vc_custom_heading text=&#8221;Bei dem gro\u00dfen Aktivit\u00e4tenangebot ist f\u00fcr jeden etwas dabei.&#8221; font_container=&#8221;tag:h5|text_align:left|color:%23000000&#8243; google_fonts=&#8221;font_family:Handlee%3Aregular|font_style:400%20regular%3A400%3Anormal&#8221; css=&#8221;.vc_custom_1679517927471{margin-bottom: 5px !important;}&#8221;][vc_column_text]<\/p>\n<h2 style=\"text-align: left;\">Aktivit\u00e4tenangebot<\/h2>\n<p>[\/vc_column_text][\/vc_column][\/vc_row][vc_row][vc_column]<div class=\"events-overview layout-default\">\n  \n  <div class=\"events-overview-item\">\n    <a href=\"https:\/\/dev.tulpenfestival.nl\/de\/evenement\/helikopterflug-ueber-den-tulpen-2\/\">\n      <div id=\"events-overview-wrap-630\">\n                <div class=\"featured-image\">\n          <img decoding=\"async\" src=\"https:\/\/dev.tulpenfestival.nl\/wp-content\/uploads\/2024\/02\/2023_Tulpenfestival_StEP_Web-Sjors_Evers-171-400x175.jpg\" alt=\"Helikopterflug \u00fcber den Tulpen\">\n        <\/div>\n        <div class=\"info\">\n                        <div class=\"when\">\n                                    <span class=\"date day day-start\">18<\/span>                    <span class=\"date month month-start\">Apr<\/span>                    \n                                        <span class=\"date day day-end\">04<\/span>                    <span class=\"date month month-start\">Mai<\/span>                    \n              <\/div>\n                        <div class=\"what\">\n              <h1 class=\"title\">Helikopterflug \u00fcber den Tulpen<\/h1>\n              <p class=\"excerpt\">Von der Luft aus haben Sie eine wunderbare Aussicht \u00fcber die vielen Tulpenfelder im Noordoostpolder.<\/p>\n              <\/div>\n          <\/div>\n      <\/div>\n    <\/a>\n  <\/div>\n\n  \n  <div class=\"events-overview-item\">\n    <a href=\"https:\/\/dev.tulpenfestival.nl\/de\/evenement\/tulpenerlebnisfeld\/\">\n      <div id=\"events-overview-wrap-770\">\n                <div class=\"featured-image\">\n          <img decoding=\"async\" src=\"https:\/\/dev.tulpenfestival.nl\/wp-content\/uploads\/2019\/02\/2023_Tulpenfestival_StEP_Web-Sjors_Evers-61-400x175.jpg\" alt=\"Standort des Tulpenfestes: Tulpenerlebnisfeld\">\n        <\/div>\n        <div class=\"info\">\n                        <div class=\"when\">\n                                    <span class=\"date day day-start\">18<\/span>                    <span class=\"date month month-start\">Apr<\/span>                    \n                                        <span class=\"date day day-end\">04<\/span>                    <span class=\"date month month-start\">Mai<\/span>                    \n              <\/div>\n                        <div class=\"what\">\n              <h1 class=\"title\">Standort des Tulpenfestes: Tulpenerlebnisfeld<\/h1>\n              <p class=\"excerpt\">Besuchen Sie das gem\u00fctliche Tulpenerlebnisfeld<\/p>\n              <\/div>\n          <\/div>\n      <\/div>\n    <\/a>\n  <\/div>\n\n  \n  <div class=\"events-overview-item\">\n    <a href=\"https:\/\/dev.tulpenfestival.nl\/de\/evenement\/renne-streekproducten\/\">\n      <div id=\"events-overview-wrap-772\">\n                <div class=\"featured-image\">\n          <img decoding=\"async\" src=\"https:\/\/dev.tulpenfestival.nl\/wp-content\/uploads\/2019\/02\/Renne-Streekproducten-400x175.jpg\" alt=\"Standort des Tulpenfestes: Renne Streekproducten\">\n        <\/div>\n        <div class=\"info\">\n                        <div class=\"when\">\n                                    <span class=\"date day day-start\">18<\/span>                    <span class=\"date month month-start\">Apr<\/span>                    \n                                        <span class=\"date day day-end\">04<\/span>                    <span class=\"date month month-start\">Mai<\/span>                    \n              <\/div>\n                        <div class=\"what\">\n              <h1 class=\"title\">Standort des Tulpenfestes: Renne Streekproducten<\/h1>\n              <p class=\"excerpt\">Herzlich Willkommen am standort des Tulpenfestes: Renne Streekproducten<\/p>\n              <\/div>\n          <\/div>\n      <\/div>\n    <\/a>\n  <\/div>\n\n  \n  <div class=\"events-overview-item\">\n    <a href=\"https:\/\/dev.tulpenfestival.nl\/de\/evenement\/van-staveren-auto-route\/\">\n      <div id=\"events-overview-wrap-784\">\n                <div class=\"featured-image\">\n          <img decoding=\"async\" src=\"https:\/\/dev.tulpenfestival.nl\/wp-content\/uploads\/2024\/02\/2023_Tulpenfestival_StEP_Web-Sjors_Evers-118-400x175.jpg\" alt=\"Van Staveren Auto Route\">\n        <\/div>\n        <div class=\"info\">\n                        <div class=\"when\">\n                                    <span class=\"date day day-start\">18<\/span>                    <span class=\"date month month-start\">Apr<\/span>                    \n                                        <span class=\"date day day-end\">04<\/span>                    <span class=\"date month month-start\">Mai<\/span>                    \n              <\/div>\n                        <div class=\"what\">\n              <h1 class=\"title\">Van Staveren Auto Route<\/h1>\n              <p class=\"excerpt\">Wie jedes Jahr haben wir eine sch\u00f6nes Auto-Route f\u00fcr Sie.<\/p>\n              <\/div>\n          <\/div>\n      <\/div>\n    <\/a>\n  <\/div>\n\n  \n  <div class=\"events-overview-item\">\n    <a href=\"https:\/\/dev.tulpenfestival.nl\/de\/evenement\/tulpen-fahrradroute\/\">\n      <div id=\"events-overview-wrap-786\">\n                <div class=\"featured-image\">\n          <img decoding=\"async\" src=\"https:\/\/dev.tulpenfestival.nl\/wp-content\/uploads\/2024\/02\/2023_Tulpenfestival_StEP_Web-Sjors_Evers-227-400x175.jpg\" alt=\"Specsavers Tulpen Fahrradroute\">\n        <\/div>\n        <div class=\"info\">\n                        <div class=\"when\">\n                                    <span class=\"date day day-start\">18<\/span>                    <span class=\"date month month-start\">Apr<\/span>                    \n                                        <span class=\"date day day-end\">04<\/span>                    <span class=\"date month month-start\">Mai<\/span>                    \n              <\/div>\n                        <div class=\"what\">\n              <h1 class=\"title\">Specsavers Tulpen Fahrradroute<\/h1>\n              <p class=\"excerpt\">Wie jedes Jahr haben wir eine sch\u00f6nes Fahrradroute f\u00fcr Sie<\/p>\n              <\/div>\n          <\/div>\n      <\/div>\n    <\/a>\n  <\/div>\n\n  \n  <div class=\"events-overview-item\">\n    <a href=\"https:\/\/dev.tulpenfestival.nl\/de\/evenement\/garten-der-tulpenarten\/\">\n      <div id=\"events-overview-wrap-788\">\n                <div class=\"featured-image\">\n          <img decoding=\"async\" src=\"https:\/\/dev.tulpenfestival.nl\/wp-content\/uploads\/2019\/04\/Schermafbeelding-2025-04-08-184048-400x175.png\" alt=\"Garten der Tulpenarten von Henk van Drie\">\n        <\/div>\n        <div class=\"info\">\n                        <div class=\"when\">\n                                    <span class=\"date day day-start\">18<\/span>                    <span class=\"date month month-start\">Apr<\/span>                    \n                                        <span class=\"date day day-end\">04<\/span>                    <span class=\"date month month-start\">Mai<\/span>                    \n              <\/div>\n                        <div class=\"what\">\n              <h1 class=\"title\">Garten der Tulpenarten von Henk van Drie<\/h1>\n              <p class=\"excerpt\">Kommen Sie und sehen Sie sich Henk van Drie's einzigartige Sammlung von Tulpensorten an (1850 Sorten)<\/p>\n              <\/div>\n          <\/div>\n      <\/div>\n    <\/a>\n  <\/div>\n\n  \n  <div class=\"events-overview-item\">\n    <a href=\"https:\/\/dev.tulpenfestival.nl\/de\/evenement\/tulpenballonfahrt-ueber-die-tulpenfelder\/\">\n      <div id=\"events-overview-wrap-947\">\n                <div class=\"featured-image\">\n          <img decoding=\"async\" src=\"https:\/\/dev.tulpenfestival.nl\/wp-content\/uploads\/2024\/02\/2023_Tulpenfestival_StEP_Web-Sjors_Evers-204-400x175.jpg\" alt=\"Tulpenballonfahrt \u00fcber die Tulpenfelder\">\n        <\/div>\n        <div class=\"info\">\n                        <div class=\"when\">\n                                    <span class=\"date day day-start\">18<\/span>                    <span class=\"date month month-start\">Apr<\/span>                    \n                                        <span class=\"date day day-end\">04<\/span>                    <span class=\"date month month-start\">Mai<\/span>                    \n              <\/div>\n                        <div class=\"what\">\n              <h1 class=\"title\">Tulpenballonfahrt \u00fcber die Tulpenfelder<\/h1>\n              <p class=\"excerpt\">Erstellen Sie eine exklusive Ballonfahrt \u00fcber die bl\u00fchenden Tulpenfelder!<\/p>\n              <\/div>\n          <\/div>\n      <\/div>\n    <\/a>\n  <\/div>\n\n  \n  <div class=\"events-overview-item\">\n    <a href=\"https:\/\/dev.tulpenfestival.nl\/de\/evenement\/tulpenmosaiken\/\">\n      <div id=\"events-overview-wrap-980\">\n                <div class=\"featured-image\">\n          <img decoding=\"async\" src=\"https:\/\/dev.tulpenfestival.nl\/wp-content\/uploads\/2019\/04\/800x600-mozaiek-800x400-1-400x175.jpg\" alt=\"Tulpenmosaiken\">\n        <\/div>\n        <div class=\"info\">\n                        <div class=\"when\">\n                                    <span class=\"date day day-start\">18<\/span>                    <span class=\"date month month-start\">Apr<\/span>                    \n                                        <span class=\"date day day-end\">04<\/span>                    <span class=\"date month month-start\">Mai<\/span>                    \n              <\/div>\n                        <div class=\"what\">\n              <h1 class=\"title\">Tulpenmosaiken<\/h1>\n              <p class=\"excerpt\">Jedes Dorf im Noordoostpolder stellt ein Tulpenmosaik her. Bewundern Sie die sch\u00f6nen Kunstwerke aus Tulpen.<\/p>\n              <\/div>\n          <\/div>\n      <\/div>\n    <\/a>\n  <\/div>\n\n  \n  <div class=\"events-overview-item\">\n    <a href=\"https:\/\/dev.tulpenfestival.nl\/de\/evenement\/tulpenfestival-locatie-bij-ons-in-de-wellerwaard\/\">\n      <div id=\"events-overview-wrap-4033\">\n                <div class=\"featured-image\">\n          <img decoding=\"async\" src=\"https:\/\/dev.tulpenfestival.nl\/wp-content\/uploads\/2024\/04\/Schermafbeelding-2025-03-31-200226-400x175.png\" alt=\"Standort des Tulpenfestes: Bij Ons in de Wellerwaard\">\n        <\/div>\n        <div class=\"info\">\n                        <div class=\"when\">\n                                    <span class=\"date day day-start\">18<\/span>                    <span class=\"date month month-start\">Apr<\/span>                    \n                                        <span class=\"date day day-end\">04<\/span>                    <span class=\"date month month-start\">Mai<\/span>                    \n              <\/div>\n                        <div class=\"what\">\n              <h1 class=\"title\">Standort des Tulpenfestes: Bij Ons in de Wellerwaard<\/h1>\n              <p class=\"excerpt\">Besuchen Sie diesen gem\u00fctlichen Strandpavillon!<\/p>\n              <\/div>\n          <\/div>\n      <\/div>\n    <\/a>\n  <\/div>\n\n  \n  <div class=\"events-overview-item\">\n    <a href=\"https:\/\/dev.tulpenfestival.nl\/de\/evenement\/tulpensammelgarten-marknesse-2\/\">\n      <div id=\"events-overview-wrap-4404\">\n                <div class=\"featured-image\">\n          <img decoding=\"async\" src=\"https:\/\/dev.tulpenfestival.nl\/wp-content\/uploads\/2025\/02\/close-up-tulpen-bron-tulpenpluktuin-marknesse_410977587-400x175.jpg\" alt=\"Tulpensammelgarten Marknesse\">\n        <\/div>\n        <div class=\"info\">\n                        <div class=\"when\">\n                                    <span class=\"date day day-start\">18<\/span>                    <span class=\"date month month-start\">Apr<\/span>                    \n                                        <span class=\"date day day-end\">04<\/span>                    <span class=\"date month month-start\">Mai<\/span>                    \n              <\/div>\n                        <div class=\"what\">\n              <h1 class=\"title\">Tulpensammelgarten Marknesse<\/h1>\n              <p class=\"excerpt\">Was anderswo nicht erlaubt ist, ist bei uns m\u00f6glich. Im Tulpensammelgarten Marknesse pfl\u00fccken Sie Ihre eigenen Tulpen.<\/p>\n              <\/div>\n          <\/div>\n      <\/div>\n    <\/a>\n  <\/div>\n\n  \n  <div class=\"events-overview-item\">\n    <a href=\"https:\/\/dev.tulpenfestival.nl\/de\/evenement\/standort-des-tulpenfestes-fenns-bant\/\">\n      <div id=\"events-overview-wrap-4409\">\n                <div class=\"featured-image\">\n          <img decoding=\"async\" src=\"https:\/\/dev.tulpenfestival.nl\/wp-content\/uploads\/2025\/03\/675aea2e1c6eacb028d362d4_Home_Drie_Midden-p-2000-400x175.jpg\" alt=\"Standort des Tulpenfestes: FENN's, Bant\">\n        <\/div>\n        <div class=\"info\">\n                        <div class=\"when\">\n                                    <span class=\"date day day-start\">18<\/span>                    <span class=\"date month month-start\">Apr<\/span>                    \n                                        <span class=\"date day day-end\">04<\/span>                    <span class=\"date month month-start\">Mai<\/span>                    \n              <\/div>\n                        <div class=\"what\">\n              <h1 class=\"title\">Standort des Tulpenfestes: FENN's, Bant<\/h1>\n              <p class=\"excerpt\">Genie\u00dfen Sie die k\u00f6stlichen Gerichte des brandneuen Restaurants: FENN's!<\/p>\n              <\/div>\n          <\/div>\n      <\/div>\n    <\/a>\n  <\/div>\n\n  \n  <div class=\"events-overview-item\">\n    <a href=\"https:\/\/dev.tulpenfestival.nl\/de\/evenement\/gehst-du-mit-bollie-auf-ein-abenteuer\/\">\n      <div id=\"events-overview-wrap-4410\">\n                <div class=\"featured-image\">\n          <img decoding=\"async\" src=\"https:\/\/dev.tulpenfestival.nl\/wp-content\/uploads\/2024\/02\/2023_Tulpenfestival_StEP_Web-Sjors_Evers-220-400x175.jpg\" alt=\"Gehst du mit Bollie auf ein Abenteuer?\">\n        <\/div>\n        <div class=\"info\">\n                        <div class=\"when\">\n                                    <span class=\"date day day-start\">18<\/span>                    <span class=\"date month month-start\">Apr<\/span>                    \n                                        <span class=\"date day day-end\">04<\/span>                    <span class=\"date month month-start\">Mai<\/span>                    \n              <\/div>\n                        <div class=\"what\">\n              <h1 class=\"title\">Gehst du mit Bollie auf ein Abenteuer?<\/h1>\n              <p class=\"excerpt\">Gehst du mit Bollie auf ein Abenteuer? Bollie w\u00fcnscht Ihnen viel Gl\u00fcck!<\/p>\n              <\/div>\n          <\/div>\n      <\/div>\n    <\/a>\n  <\/div>\n\n  \n  <div class=\"events-overview-item\">\n    <a href=\"https:\/\/dev.tulpenfestival.nl\/de\/evenement\/kreativmarkt\/\">\n      <div id=\"events-overview-wrap-761\">\n                <div class=\"featured-image\">\n          <img decoding=\"async\" src=\"https:\/\/dev.tulpenfestival.nl\/wp-content\/uploads\/2024\/02\/2023_Tulpenfestival_StEP_Web-Sjors_Evers-123-400x175.jpg\" alt=\"Kreativmarkt Tulpenerlebnisfeld\">\n        <\/div>\n        <div class=\"info\">\n                        <div class=\"when\">\n                                    <span class=\"date day day-start\">03<\/span>                    <span class=\"date month month-start\">Mai<\/span>                    \n                                        <span class=\"date day day-end\">04<\/span>                    <span class=\"date month month-start\">Mai<\/span>                    \n              <\/div>\n                        <div class=\"what\">\n              <h1 class=\"title\">Kreativmarkt Tulpenerlebnisfeld<\/h1>\n              <p class=\"excerpt\">Am Samstag, den 3. und Sonntag, den 4. Mai findet auf dem Tulpenerlebnisfeld in Creil ein Kreativmarkt statt.<\/p>\n              <\/div>\n          <\/div>\n      <\/div>\n    <\/a>\n  <\/div>\n\n  <\/div>[\/vc_column][\/vc_row]<\/p>\n<\/div>","protected":false},"excerpt":{"rendered":"<p>[vc_row full_width=&#8221;stretch_row&#8221; bg_type=&#8221;bg_color&#8221; css=&#8221;.vc_custom_1548855997701{margin-top: 0px !important;}&#8221; bg_color_value=&#8221;#ffffff&#8221;][vc_column width=&#8221;2\/3&#8243;][vc_custom_heading text=&#8221;&#8221; font_container=&#8221;tag:h2|font_size:37|text_align:left|color:%23000000&#8243; google_fonts=&#8221;font_family:Handlee%3Aregular|font_style:400%20regular%3A400%3Anormal&#8221; css=&#8221;.vc_custom_1715170082974{margin-bottom: 0px !important;}&#8221;][vc_column_text] Tulpenfest Noordoostpolder [\/vc_column_text][\/vc_column][vc_column width=&#8221;1\/3&#8243;][vc_single_image image=&#8221;35&#8243; img_size=&#8221;full&#8221; alignment=&#8221;center&#8221; onclick=&#8221;custom_link&#8221; img_link_target=&#8221;_blank&#8221; link=&#8221;http:\/\/www.profytodsd.nl\/&#8221;][\/vc_column][\/vc_row][vc_row full_width=&#8221;stretch_row&#8221; bg_type=&#8221;image&#8221; parallax_style=&#8221;vcpb-default&#8221; bg_image_new=&#8221;id^2999|url^https:\/\/tulpenfestival.nl\/wp-content\/uploads\/2022\/04\/20190429_StEP_Steppentocht_Highres-5.jpg|caption^null|alt^null|title^20190429_StEP_Steppentocht_Highres-5|description^null&#8221; bg_image_repeat=&#8221;no-repeat&#8221; css=&#8221;.vc_custom_1649227583804{margin-bottom: 0px !important;}&#8221;][vc_column][\/vc_column][\/vc_row][vc_row full_width=&#8221;stretch_row&#8221; bg_type=&#8221;bg_color&#8221; bg_color_value=&#8221;rgba(0,0,0,0.13)&#8221; css=&#8221;.vc_custom_1549019602250{margin-top: 0px !important;margin-bottom: 50px !important;}&#8221;][vc_column][vc_custom_heading text=&#8221;Bei dem gro\u00dfen Aktivit\u00e4tenangebot ist f\u00fcr jeden etwas dabei.&#8221; font_container=&#8221;tag:h5|text_align:left|color:%23000000&#8243; google_fonts=&#8221;font_family:Handlee%3Aregular|font_style:400%20regular%3A400%3Anormal&#8221; css=&#8221;.vc_custom_1679517927471{margin-bottom: 5px !important;}&#8221;][vc_column_text] Aktivit\u00e4tenangebot&hellip;<\/p>\n","protected":false},"author":1,"featured_media":0,"parent":0,"menu_order":0,"comment_status":"closed","ping_status":"closed","template":"","meta":{"footnotes":""},"class_list":["post-635","page","type-page","status-publish","hentry","description-off"],"_links":{"self":[{"href":"https:\/\/dev.tulpenfestival.nl\/de\/wp-json\/wp\/v2\/pages\/635","targetHints":{"allow":["GET"]}}],"collection":[{"href":"https:\/\/dev.tulpenfestival.nl\/de\/wp-json\/wp\/v2\/pages"}],"about":[{"href":"https:\/\/dev.tulpenfestival.nl\/de\/wp-json\/wp\/v2\/types\/page"}],"author":[{"embeddable":true,"href":"https:\/\/dev.tulpenfestival.nl\/de\/wp-json\/wp\/v2\/users\/1"}],"replies":[{"embeddable":true,"href":"https:\/\/dev.tulpenfestival.nl\/de\/wp-json\/wp\/v2\/comments?post=635"}],"version-history":[{"count":5,"href":"https:\/\/dev.tulpenfestival.nl\/de\/wp-json\/wp\/v2\/pages\/635\/revisions"}],"predecessor-version":[{"id":4186,"href":"https:\/\/dev.tulpenfestival.nl\/de\/wp-json\/wp\/v2\/pages\/635\/revisions\/4186"}],"wp:attachment":[{"href":"https:\/\/dev.tulpenfestival.nl\/de\/wp-json\/wp\/v2\/media?parent=635"}],"curies":[{"name":"wp","href":"https:\/\/api.w.org\/{rel}","templated":true}]}}