{"id":650,"date":"2019-02-20T10:22:56","date_gmt":"2019-02-20T09:22:56","guid":{"rendered":"https:\/\/tulpenfestival.nl\/veel-gestelde-vragen\/"},"modified":"2024-11-14T13:43:28","modified_gmt":"2024-11-14T12:43:28","slug":"haeufig-gestellte-fragen","status":"publish","type":"page","link":"https:\/\/dev.tulpenfestival.nl\/de\/haeufig-gestellte-fragen\/","title":{"rendered":"H\u00e4ufig gestellte Fragen"},"content":{"rendered":"<div class=\"wpb-content-wrapper\"><p>[vc_row full_width=&#8221;stretch_row&#8221; bg_type=&#8221;bg_color&#8221; css=&#8221;.vc_custom_1548855997701{margin-top: 0px !important;}&#8221; bg_color_value=&#8221;#ffffff&#8221;][vc_column width=&#8221;2\/3&#8243;][vc_custom_heading text=&#8221;&#8221; font_container=&#8221;tag:h2|font_size:37|text_align:left|color:%23000000&#8243; google_fonts=&#8221;font_family:Handlee%3Aregular|font_style:400%20regular%3A400%3Anormal&#8221; css=&#8221;.vc_custom_1715170103178{margin-bottom: 0px !important;}&#8221;][vc_column_text]<\/p>\n<h1>Tulpenfest Noordoostpolder<\/h1>\n<p>[\/vc_column_text][\/vc_column][vc_column width=&#8221;1\/3&#8243;][vc_single_image image=&#8221;35&#8243; img_size=&#8221;full&#8221; alignment=&#8221;center&#8221; onclick=&#8221;custom_link&#8221; img_link_target=&#8221;_blank&#8221; link=&#8221;http:\/\/www.profytodsd.nl\/&#8221;][\/vc_column][\/vc_row][vc_row full_width=&#8221;stretch_row&#8221; bg_type=&#8221;image&#8221; parallax_style=&#8221;vcpb-default&#8221; bg_image_new=&#8221;id^91|url^https:\/\/tulpenfestival.nl\/wp-content\/uploads\/2019\/01\/Velden-tulpen.jpg|caption^null|alt^null|title^Velden-tulpen|description^null&#8221; bg_image_repeat=&#8221;no-repeat&#8221; css=&#8221;.vc_custom_1550653930885{margin-bottom: 0px !important;}&#8221;][vc_column]<div class=\"ult-spacer spacer-69d96469c9cf3\" data-id=\"69d96469c9cf3\" data-height=\"250\" data-height-mobile=\"175\" data-height-tab=\"200\" data-height-tab-portrait=\"200\" data-height-mobile-landscape=\"175\" style=\"clear:both;display:block;\"><\/div>[\/vc_column][\/vc_row][vc_row full_width=&#8221;stretch_row&#8221; bg_type=&#8221;bg_color&#8221; bg_color_value=&#8221;rgba(0,0,0,0.13)&#8221; css=&#8221;.vc_custom_1549019602250{margin-top: 0px !important;margin-bottom: 50px !important;}&#8221;][vc_column][vc_custom_heading text=&#8221;Die Antwort&#8230;&#8221; font_container=&#8221;tag:h5|text_align:left|color:%23000000&#8243; google_fonts=&#8221;font_family:Handlee%3Aregular|font_style:400%20regular%3A400%3Anormal&#8221; css=&#8221;.vc_custom_1553259677133{margin-bottom: 5px !important;}&#8221;][vc_column_text]<\/p>\n<h2 style=\"text-align: left;\">H\u00e4ufig gestellte Fragen<\/h2>\n<p>[\/vc_column_text][\/vc_column][\/vc_row][vc_row][vc_column][vc_accordion active_tab=&#8221;&#8221; collapsible=&#8221;yes&#8221; title_size=&#8221;h6&#8243; style=&#8221;3&#8243;][vc_accordion_tab title=&#8221;Wann ist der Start der Tulpenroute im Noordoostpolder?&#8221;][vc_column_text css=&#8221;&#8221;]Das Profytodsd-Tulpenfest beginnt am Freitag, den 18. April und endet am Sonntag, den 4. Mai 2025[\/vc_column_text][\/vc_accordion_tab][vc_accordion_tab title=&#8221;Was kostet es?&#8221;][vc_column_text]Das Folgen der Tulpenrouten ist unverbindlich und kostet nichts. Die Aktivit\u00e4ten sind jedoch nicht alle gratis.[\/vc_column_text][\/vc_accordion_tab][vc_accordion_tab title=&#8221;Wo kann ich mich f\u00fcr die Tulpenrouten anmelden?&#8221;][vc_column_text]F\u00fcr die Tulpenrouten ist keine Anmeldung erforderlich. Sie k\u00f6nnen ganz unverbindlich vorbeikommen und 500 verschiedene Tulpenarten genie\u00dfen.[\/vc_column_text][\/vc_accordion_tab][vc_accordion_tab title=&#8221;Welche Routen gibt es und wie finde ich sie?&#8221;][vc_column_text]Die Routen sind jedes Jahr anders, weil wir von der Grundst\u00fcckeinteilung der Landwirte abh\u00e4ngig sind. <a href=\"https:\/\/tulpenfestival.nl\/de\/routen-2023\/\">Sie finden Sie Routen hier \u00bb<\/a>[\/vc_column_text][\/vc_accordion_tab][vc_accordion_tab title=&#8221;Wie kann ich die Tulpenrouten absolvieren?&#8221;][vc_column_text]Die <a href=\"https:\/\/tulpenfestival.nl\/de\/routen-2023\/\">Tulpenrouten<\/a> k\u00f6nnen mit dem Auto oder dem Fahrrad zur\u00fcckgelegt werden.[\/vc_column_text][\/vc_accordion_tab][vc_accordion_tab title=&#8221;Welche Aktivit\u00e4ten werden an der Route organisiert?&#8221;][vc_column_text]W\u00e4hrend des Tulpenfestes gibt es viele lustige Aktivit\u00e4ten! So gibt es zum Beispiel wunderbare Auto- und Fahrradrouten, die zu all den sch\u00f6nen Tulpenfeldern f\u00fchren. <a href=\"https:\/\/tulpenfestival.nl\/de\/aktivitaetenangebot\/\">Den kompletten Aktivit\u00e4tenkalender finden Sie hier \u00bb<\/a>[\/vc_column_text][\/vc_accordion_tab][vc_accordion_tab title=&#8221;Darf man die Tulpenfelder betreten?&#8221;][vc_column_text]Das Betreten der Tulpenfelder ist verboten. Es gibt jedoch drei spezielle Selfiefelder, die man betreten darf, um ein Foto zu schie\u00dfen. Diese befinden sich auf dem Tulpenerlebnisfeld am Creilerpad 14 in Creil. Au\u00dferdem stehen entlang der Route Fotoschilder von CameraNU.nl, durch die man sch\u00f6ne Aufnahmen machen kann.[\/vc_column_text][\/vc_accordion_tab][vc_accordion_tab title=&#8221;Warum wird das Profytodsd-Tulpenfestival organisiert?&#8221;][vc_column_text]Mittels der pr\u00e4chtigen Tulpenrouten und eines speziellen Aktivit\u00e4tenangebots wollen wir Besuchern aus dem In- und Ausland diesen einmaligen Teil der Niederlande n\u00e4herbringen. Mit Tulpen als verbindendem Element wollen wir sie den Noordoostpolder erleben lassen.[\/vc_column_text][\/vc_accordion_tab][vc_accordion_tab title=&#8221;Warum gedeihen Tulpen im Noordoostpolder so gut?&#8221;][vc_column_text]In Flevoland gibt es den fruchtbarsten Boden Europas. Der Grund daf\u00fcr ist, dass diese Provinz erst im letzten Jahrhundert trockengelegt wurde. Der Seetonboden enth\u00e4lt viele Mineralstoffe, die den Tulpen als Nahrung dienen.[\/vc_column_text][\/vc_accordion_tab][vc_accordion_tab title=&#8221;Wer organisiert das Profytodsd-Tulpenfestival?&#8221;][vc_column_text]Das Profytodsd-Tulpenfestival wird von der Stiftung StEP NOP (<a href=\"https:\/\/www.stepnop.nl\/\" target=\"_blank\" rel=\"noopener noreferrer\">Stichting Evenementen en Promotie Noordoospolder<\/a>) organisiert. StEP setzt sich f\u00fcr die Bewerbung des Noordoostpolders ein.[\/vc_column_text][\/vc_accordion_tab][vc_accordion_tab title=&#8221;Sind die Tulpenfelder mit \u00f6ffentlichen Verkehrsmitteln erreichbar?&#8221;][vc_column_text]Die Anreise mit \u00f6ffentlichen Verkehrsmitteln kann \u00fcber die Website <a href=\"https:\/\/9292.nl\/\" target=\"_blank\" rel=\"noopener noreferrer\">9292.nl<\/a> geplant werden. Es gibt keine Bahnverbindung zum Noordoostpolder.[\/vc_column_text][\/vc_accordion_tab][vc_accordion_tab title=&#8221;Sind Leihr\u00e4der verf\u00fcgbar?&#8221;][vc_column_text]Im Noordoostpolder gibt es keinen Fahrradverleih. In nahegelegenen Dorf Lemmer k\u00f6nnen jedoch Fahrr\u00e4der gemietet werden.[\/vc_column_text][\/vc_accordion_tab][vc_accordion_tab title=&#8221;Kann man das Festival \u00fcber Social Media verfolgen?&#8221;][vc_column_text]Das Profytodsd-Tulpenfestival hat eigene Social-Media-Accounts. Hier werden aktuelle Meldungen zum Tulpenfestival und nat\u00fcrlich zu sch\u00f6nen Erlebnissen auf dem Festival ver\u00f6ffentlicht.<\/p>\n<p>Hier die Links zu unseren sozialen Medien:<br \/>\n<a href=\"http:\/\/facebook.com\/tulpenfestival\" target=\"_blank\" rel=\"noopener noreferrer\">facebook.com\/tulpenfestival<\/a><br \/>\n<a href=\"http:\/\/instagram.com\/tulpenfestival2020\" target=\"_blank\" rel=\"noopener noreferrer\">instagram.com\/tulpenfestival_noordoostpolder<\/a>[\/vc_column_text][\/vc_accordion_tab][vc_accordion_tab title=&#8221;Gibt es in Flevoland noch mehr Tulpenrouten?&#8221;][vc_column_text]Ja. Au\u00dfer dem Tulpenfestival im Noordoostpolder gibt es jedes Jahr zur selben Zeit auch eine Tulpenroute in Dronten, Lelystad und Zeewolde. Weitere Informationen \u00fcber diese Routen und das Aktivit\u00e4tenangebot finden Sie auf: <a href=\"https:\/\/tulpenrouteflevoland.nl\/\" target=\"_blank\" rel=\"noopener noreferrer\">Tulpenroute Flevoland<\/a>[\/vc_column_text][\/vc_accordion_tab][vc_accordion_tab title=&#8221;Wo kann ich \u00fcbernachten?&#8221;][vc_column_text]Hotel &#8216;t Voorhuys, Emmeloord: <a href=\"https:\/\/www.voorhuys.nl\/de\/\">www.voorhuys.nl<\/a><\/p>\n<p>Hotel Van der Valk, Emmeloord: <a href=\"https:\/\/www.hotelemmeloord.nl\/de\/\">www.hotelemmeloord.nl<\/a><\/p>\n<p>Ferienpark Eigen Wijze, Bant: <a href=\"https:\/\/www.ferien-wohnung-friesland-niederlande.de\/?currency=EUR&amp;referrer=\">www.eigenwijze.nl<\/a><\/p>\n<p>Visit Noordoostpolder: <a href=\"https:\/\/www.visitnoordoostpolder.nl\/de\">www.visitnoordoostpolder.nl<\/a>[\/vc_column_text][\/vc_accordion_tab][\/vc_accordion][\/vc_column][\/vc_row]<\/p>\n<\/div>","protected":false},"excerpt":{"rendered":"<p>[vc_row full_width=&#8221;stretch_row&#8221; bg_type=&#8221;bg_color&#8221; css=&#8221;.vc_custom_1548855997701{margin-top: 0px !important;}&#8221; bg_color_value=&#8221;#ffffff&#8221;][vc_column width=&#8221;2\/3&#8243;][vc_custom_heading text=&#8221;&#8221; font_container=&#8221;tag:h2|font_size:37|text_align:left|color:%23000000&#8243; google_fonts=&#8221;font_family:Handlee%3Aregular|font_style:400%20regular%3A400%3Anormal&#8221; css=&#8221;.vc_custom_1715170103178{margin-bottom: 0px !important;}&#8221;][vc_column_text] Tulpenfest Noordoostpolder [\/vc_column_text][\/vc_column][vc_column width=&#8221;1\/3&#8243;][vc_single_image image=&#8221;35&#8243; img_size=&#8221;full&#8221; alignment=&#8221;center&#8221; onclick=&#8221;custom_link&#8221; img_link_target=&#8221;_blank&#8221; link=&#8221;http:\/\/www.profytodsd.nl\/&#8221;][\/vc_column][\/vc_row][vc_row full_width=&#8221;stretch_row&#8221; bg_type=&#8221;image&#8221; parallax_style=&#8221;vcpb-default&#8221; bg_image_new=&#8221;id^91|url^https:\/\/tulpenfestival.nl\/wp-content\/uploads\/2019\/01\/Velden-tulpen.jpg|caption^null|alt^null|title^Velden-tulpen|description^null&#8221; bg_image_repeat=&#8221;no-repeat&#8221; css=&#8221;.vc_custom_1550653930885{margin-bottom: 0px !important;}&#8221;][vc_column][\/vc_column][\/vc_row][vc_row full_width=&#8221;stretch_row&#8221; bg_type=&#8221;bg_color&#8221; bg_color_value=&#8221;rgba(0,0,0,0.13)&#8221; css=&#8221;.vc_custom_1549019602250{margin-top: 0px !important;margin-bottom: 50px !important;}&#8221;][vc_column][vc_custom_heading text=&#8221;Die Antwort&#8230;&#8221; font_container=&#8221;tag:h5|text_align:left|color:%23000000&#8243; google_fonts=&#8221;font_family:Handlee%3Aregular|font_style:400%20regular%3A400%3Anormal&#8221; css=&#8221;.vc_custom_1553259677133{margin-bottom: 5px !important;}&#8221;][vc_column_text] H\u00e4ufig gestellte Fragen [\/vc_column_text][\/vc_column][\/vc_row][vc_row][vc_column][vc_accordion active_tab=&#8221;&#8221; collapsible=&#8221;yes&#8221; title_size=&#8221;h6&#8243; style=&#8221;3&#8243;][vc_accordion_tab&hellip;<\/p>\n","protected":false},"author":1,"featured_media":0,"parent":0,"menu_order":0,"comment_status":"closed","ping_status":"closed","template":"","meta":{"footnotes":""},"class_list":["post-650","page","type-page","status-publish","hentry","description-off"],"_links":{"self":[{"href":"https:\/\/dev.tulpenfestival.nl\/de\/wp-json\/wp\/v2\/pages\/650","targetHints":{"allow":["GET"]}}],"collection":[{"href":"https:\/\/dev.tulpenfestival.nl\/de\/wp-json\/wp\/v2\/pages"}],"about":[{"href":"https:\/\/dev.tulpenfestival.nl\/de\/wp-json\/wp\/v2\/types\/page"}],"author":[{"embeddable":true,"href":"https:\/\/dev.tulpenfestival.nl\/de\/wp-json\/wp\/v2\/users\/1"}],"replies":[{"embeddable":true,"href":"https:\/\/dev.tulpenfestival.nl\/de\/wp-json\/wp\/v2\/comments?post=650"}],"version-history":[{"count":5,"href":"https:\/\/dev.tulpenfestival.nl\/de\/wp-json\/wp\/v2\/pages\/650\/revisions"}],"predecessor-version":[{"id":4200,"href":"https:\/\/dev.tulpenfestival.nl\/de\/wp-json\/wp\/v2\/pages\/650\/revisions\/4200"}],"wp:attachment":[{"href":"https:\/\/dev.tulpenfestival.nl\/de\/wp-json\/wp\/v2\/media?parent=650"}],"curies":[{"name":"wp","href":"https:\/\/api.w.org\/{rel}","templated":true}]}}