{"id":852,"date":"2019-02-08T12:18:22","date_gmt":"2019-02-08T11:18:22","guid":{"rendered":"https:\/\/tulpenfestival.nl\/cookie-verklaring\/"},"modified":"2019-03-22T15:24:14","modified_gmt":"2019-03-22T14:24:14","slug":"cookie-erklaerung","status":"publish","type":"page","link":"https:\/\/dev.tulpenfestival.nl\/de\/cookie-erklaerung\/","title":{"rendered":"Cookie-Erkl\u00e4rung"},"content":{"rendered":"<p><strong>Allgemeines<br \/>\n<\/strong>In dieser Cookie-Erkl\u00e4rung wird beschrieben, in welcher Weise StEP Noordoostpolder Cookies verwendet.<br \/>\nEin Cookie ist eine kleine Datei, die zusammen mit den Seiten dieser Website \u00fcbermittelt wird und vom Browser auf der Festplatte Ihres Computers gespeichert wird. StEP Noordoostpolder setzt einige Cookies, die f\u00fcr die Funktion der Website notwendig sind, zum Beispiel, weil sie Ihnen erlauben zu reagieren. Die Verwendung von Cookies ist von gro\u00dfer Bedeutung f\u00fcr eine reibungslose Funktion unserer Website, aber auch Cookies, deren Effekt nicht direkt sp\u00fcrbar ist (zum Beispiel f\u00fcr Google Analytics), sind sehr wichtig. Ohne anonyme Besucherdaten wissen wir nicht, wie die Website genutzt wird und wie wir sie verbessern k\u00f6nnen.<\/p>\n<p>Die Tracking-Cookies, die zu Analyse- oder Werbezwecken gesetzt werden, sind Cookies von Drittanbietern. Diese werden also nicht von uns selbst gesetzt, sondern von Dritten. Darum k\u00f6nnen wir f\u00fcr derartige Cookies keine Verantwortung \u00fcbernehmen.<\/p>\n<p><strong>Die von uns verwendeten Arten von Cookies<\/strong><\/p>\n<p><strong>Absolut notwendige Cookies<br \/>\n<\/strong>Diese Cookies sind unerl\u00e4sslich f\u00fcr die Navigation und die Nutzung der Funktionen der Website. Ohne diese Cookies k\u00f6nnen einige der von Ihnen gew\u00fcnschten Leistungen nicht erbracht werden. Weil Cookies dieser Art f\u00fcr die Nutzung einer Website unerl\u00e4sslich sind, k\u00f6nnen sie nicht deaktiviert werden, ohne die Nutzung der Website weitgehend zu beeintr\u00e4chtigen.<\/p>\n<p><strong>Google Analytics<\/strong><br \/>\nMit Google Analytics werden auf StEP Noordoostpolder anonymisierte Daten \u00fcber Ihr Surfverhalten erfasst. So k\u00f6nnen wir sehen, wie Benutzer wie Sie die Website nutzen. Anhand dieser Informationen k\u00f6nnen wir fundierte Entscheidungen \u00fcber die Einrichtung unserer Website treffen. Au\u00dferdem optimieren wir damit die Funktion der Website. Die erfassten Daten werden von Google auf Servern in den Vereinigten Staaten gespeichert. Google gibt diese Daten auch an Inserenten weiter, um ihnen Einsicht in die Wirksamkeit ihrer Kampagnen zu verschaffen. Google kann diese Daten an Dritte weitergeben, wenn Google dazu verpflichtet wird oder soweit diese Dritten die Daten im Namen von Google verarbeiten. Dies liegt au\u00dferhalb unseres Einflussbereichs. Wir haben Google nicht erlaubt, die erfassten Analytics-Daten f\u00fcr andere Google-Dienste zu nutzen. F\u00fcr weitere Informationen verweisen wir auf die Datenschutzerkl\u00e4rung von Google und insbesondere auch auf die Datenschutzerkl\u00e4rung von Google Analytics.<\/p>\n<p>Wenn Sie nicht m\u00f6chten, dass Ihr Klickverhalten festgehalten wird, k\u00f6nnen Sie \u00fcber die Google-Website ein Browser-Plugin herunterladen, das dies verhindert. Die betreffende Einstellung gilt dann f\u00fcr alle von Ihnen besuchten Websites, nicht nur f\u00fcr StEP Noordoostpolder. Das Browser-Plugin steht <a href=\"https:\/\/tools.google.com\/dlpage\/gaoptout?hl=nl\">hier zum Download bereit.<\/a><\/p>\n<p><strong>Funktionelle Cookies<\/strong><\/p>\n<p><strong>Hauptfunktionen<\/strong><br \/>\nDies sind Cookies, die f\u00fcr die Funktion der Website unerl\u00e4sslich sind. Ohne diese Cookies k\u00f6nnen bestimmte Bestandteile der Website nicht genutzt werden. Auf StEP Noordoostpolder werden zum Beispiel Cookies zur Speicherung von Einstellungen und Pr\u00e4ferenzen verwendet.<\/p>\n<p><strong>Einbettung fremder Inhalte<\/strong><br \/>\nUnsere Website kann Inhalte enthalten, die auf anderen Websites gehostet und auf StEP Noordoostpolder erschlossen werden, beispielsweise Videos von YouTube. Diese Codes verwenden in \u00e4hnlicher Weise wie die Social Buttons Cookies. Wie mit den Cookies und personenbezogenen Daten umgegangen wird, finden Sie in der Datenschutzerkl\u00e4rung der betreffenden Dienste. Wir haben keinerlei Einfluss darauf.<\/p>\n<p><strong>Widerruf der Zustimmung<br \/>\n<\/strong>Sie k\u00f6nnen Ihre Zustimmung zu Cookies wie nachstehend beschrieben widerrufen, indem Sie sie manuell l\u00f6schen.<\/p>\n<p><strong>Cookies l\u00f6schen<br \/>\n<\/strong>Moderne Versionen von Webbrowsern bieten dem Benutzer eine verbesserte Kontrolle in Bezug auf das Setzen und die G\u00fcltigkeit von Cookies von sowohl Erst- als Drittanbietern. Suchen Sie in der Hilfe zu Ihrem Webbrowsers nach \u201eCookies\u201c, um mehr \u00fcber die Verwaltung von Cookies zu erfahren. Durch \u00c4nderung der Browser-Einstellungen k\u00f6nnen Cookies aktiviert oder deaktiviert werden.<\/p>\n<p>Wenn Sie sich aber entscheiden, Cookies in Ihrem Browser zu deaktivieren, kann es sein, dass Sie bestimmte Aktivit\u00e4ten auf unserer Website nicht durchf\u00fchren k\u00f6nnen oder auf bestimmte Teile davon nicht richtig zugreifen k\u00f6nnen.<\/p>\n<p><strong>Fragen<br \/>\n<\/strong>Sollten Sie noch Fragen zu dieser Erkl\u00e4rung haben, nehmen Sie bitte unter <a href=\"mailto:info@stepnop.nl\">info@stepnop.nl<\/a> Kontakt mit uns auf.<\/p>\n<p><strong>\u00c4nderungen und anwendbares Recht<br \/>\n<\/strong>StEP Noordoostpolder kann diese Erkl\u00e4rung von Zeit zu Zeit durch Aktualisierung dieser Seite \u00e4ndern. Diese Cookie-Erkl\u00e4rung gilt ab dem 25. Mai 2018.<\/p>\n","protected":false},"excerpt":{"rendered":"<p>Allgemeines In dieser Cookie-Erkl\u00e4rung wird beschrieben, in welcher Weise StEP Noordoostpolder Cookies verwendet. Ein Cookie ist eine kleine Datei, die zusammen mit den Seiten dieser Website \u00fcbermittelt wird und vom Browser auf der Festplatte Ihres Computers gespeichert wird. StEP Noordoostpolder setzt einige Cookies, die f\u00fcr die Funktion der Website notwendig sind, zum Beispiel, weil sie&hellip;<\/p>\n","protected":false},"author":1,"featured_media":0,"parent":0,"menu_order":0,"comment_status":"closed","ping_status":"closed","template":"","meta":{"footnotes":""},"class_list":["post-852","page","type-page","status-publish","hentry","description-off"],"_links":{"self":[{"href":"https:\/\/dev.tulpenfestival.nl\/de\/wp-json\/wp\/v2\/pages\/852","targetHints":{"allow":["GET"]}}],"collection":[{"href":"https:\/\/dev.tulpenfestival.nl\/de\/wp-json\/wp\/v2\/pages"}],"about":[{"href":"https:\/\/dev.tulpenfestival.nl\/de\/wp-json\/wp\/v2\/types\/page"}],"author":[{"embeddable":true,"href":"https:\/\/dev.tulpenfestival.nl\/de\/wp-json\/wp\/v2\/users\/1"}],"replies":[{"embeddable":true,"href":"https:\/\/dev.tulpenfestival.nl\/de\/wp-json\/wp\/v2\/comments?post=852"}],"version-history":[{"count":5,"href":"https:\/\/dev.tulpenfestival.nl\/de\/wp-json\/wp\/v2\/pages\/852\/revisions"}],"predecessor-version":[{"id":872,"href":"https:\/\/dev.tulpenfestival.nl\/de\/wp-json\/wp\/v2\/pages\/852\/revisions\/872"}],"wp:attachment":[{"href":"https:\/\/dev.tulpenfestival.nl\/de\/wp-json\/wp\/v2\/media?parent=852"}],"curies":[{"name":"wp","href":"https:\/\/api.w.org\/{rel}","templated":true}]}}