{"id":854,"date":"2019-02-08T12:17:23","date_gmt":"2019-02-08T11:17:23","guid":{"rendered":"https:\/\/tulpenfestival.nl\/privacy-verklaring\/"},"modified":"2019-03-22T15:22:50","modified_gmt":"2019-03-22T14:22:50","slug":"datenschutzerklaerung","status":"publish","type":"page","link":"https:\/\/dev.tulpenfestival.nl\/de\/datenschutzerklaerung\/","title":{"rendered":"Datenschutzerkl\u00e4rung"},"content":{"rendered":"<div class=\"wpb-content-wrapper\"><p>[vc_row][vc_column][vc_column_text]<strong>Allgemeines<\/strong><br \/>\nIn dieser Datenschutzerkl\u00e4rung wird erl\u00e4utert, wie wir die StEP Noordoostpolder beim Besuch dieser Website und bei Ihrer Korrespondenz mit uns erteilten Angaben verwenden und sch\u00fctzen.<\/p>\n<p><strong>Von uns erfasste Daten<\/strong><br \/>\nWenn Sie unsere Website besuchen, k\u00f6nnen Sie mittels der entsprechenden Kontaktformulare auf der Website Kontakt mit uns aufnehmen. Wir erfassen dann die dort eingetragenen Angaben, einschlie\u00dflich Ihres Vornamens, Ihres Nachnamens, Ihrer E-Mail-Adresse, Ihrer Anschrift und Ihrer Frage. Sie k\u00f6nnen auch per E-Mail, unter Verwendung der Kontaktdaten auf dieser Website, \u00fcber unsere Social-Media-Kan\u00e4le und \u00fcber unsere Veranstaltungswebsites Kontakt mit uns aufnehmen. Bei Kontaktaufnahme mit uns erfassen wir Ihren Namen, Ihre Telefonnummer, Ihre E-Mail-Adresse und alle anderen von Ihnen erteilten Angaben, die wir ben\u00f6tigen, um Ihnen weiterhelfen und mit Ihnen kommunizieren zu k\u00f6nnen.<\/p>\n<p>Wenn Sie unsere Marketingkommunikationsmittel abonnieren, erfassen wir die von Ihnen erteilten Angaben, einschlie\u00dflich Ihrer E-Mail-Adresse, der Themen, zu denen Sie Updates oder weitere Informationen empfangen m\u00f6chten und alle weiteren Angaben, die Sie uns zu erteilen beschlie\u00dfen, zum Beispiel Ihren Namen, den Namen Ihrer Firma und Ihre Telefonnummer. Sie k\u00f6nnen Ihr Abonnement jederzeit k\u00fcndigen, indem Sie auf den Abmeldelink im Fu\u00dftext unserer Mailings klicken und die Anweisungen befolgen.<\/p>\n<p>Wenn Sie einer unserer Kunden, Lieferanten oder Interessenten sind, k\u00f6nnen wir im Rahmen unserer Gesch\u00e4ftsbeziehung mit Ihnen in begrenztem Ma\u00dfe personenbezogene Daten verarbeiten, zum Beispiel, wenn Sie eine Bestellung aufgeben. Derartige personenbezogene Daten k\u00f6nnen Ihren Namen, Ihre Firma, Stellenbezeichnung, E-Mail-Adresse, Telefonnummer, Anschrift, Bestelldaten und gegebenenfalls Ihre Handelsregisternummer, USt-ID und IBAN umfassen. Au\u00dferdem erfassen wir mittels Cookies Daten zur Nutzung unserer Website. F\u00fcr weitere Informationen lesen Sie bitte den Abschnitt \u201eCookies\u201c weiter unten und unsere <a href=\"https:\/\/tulpenfestival.nl\/de\/cookie-erklaerung\/\">Cookie-Erkl\u00e4rung<\/a>.<\/p>\n<p><strong>Verwendung der von uns erfassten Daten<\/strong><br \/>\nIhre Daten k\u00f6nnen zu den folgenden Zwecken von uns verwendet werden:<br \/>\nDie Daten, die Sie uns erteilen, wenn Sie Kontakt mit uns aufnehmen, zum Beispiel in Bezug auf Fragen, der Teilnahme an Veranstaltungen, Bemerkungen oder Beschwerden, werden von uns verwendet, um Gesch\u00e4fte mit Ihnen zu t\u00e4tigen und zu dem legitimen Zweck, mit Ihnen \u00fcber unsere Produkte und Dienstleistungen zu kommunizieren.<\/p>\n<p>Wenn Sie einer unserer Kunden, Lieferanten oder Interessenten sind, verwenden wir Ihre Daten zum Aufsetzen und Ausf\u00fchren unseres Vertrags mit Ihnen. Dies kann die Feststellung Ihrer Identit\u00e4t, die Kommunikation mit Ihnen und das Regeln der Lieferung von Produkten und Dienstleistungen beinhalten. Wir k\u00f6nnen Ihre Daten auch zum legitimen Zweck der Dokumentation und Verwaltung unserer internen Administration verwenden.<\/p>\n<p>Die durch Ihre Nutzung unserer Website von uns erlangten Daten verwenden wir zum Zweck der Marktforschung im Rahmen unseres legitimen Interesses, unsere Produkte und Dienstleistungen zu verbessern und unseren Kunden und Interessenten Produkte und Dienstleistungen nach Ma\u00df anbieten zu k\u00f6nnen.<\/p>\n<p>Die Daten, die Sie uns \u00fcber unsere Website erteilen (zum Beispiel bei Anmeldung f\u00fcr einen Newsletter oder andere Marketingkommunikationsmittel), verwenden wir, um Ihnen Informationen \u00fcber unsere Produkte, Dienstleistungen und Sonderangebote oder andere Informationen aufgrund der von Ihnen angegebenen Interessen zuzusenden. Falls Sie keine derartigen Informationen empfangen m\u00f6chten, k\u00f6nnen Sie uns dies wissen lassen, indem Sie die Anweisungen in den Links im Fu\u00dftext unserer Mailings befolgen.<\/p>\n<p>Sofern notwendig, k\u00f6nnen wir Ihre Daten zur Erf\u00fcllung der geltenden Gesetze verwenden und zu dem legitimen Zweck, unsere gesetzlichen Rechte zu sch\u00fctzen, zum Beispiel in Zusammenhang mit Gerichtsverfahren, der Einhaltung von Verpflichtungen, regulatorischen Zwecken und\/oder Forschungszwecken. Dabei kann es auch notwendig sein, Ihre Daten an Dritte weiterzugeben, zum Beispiel an Beh\u00f6rden oder Strafverfolgungsbeamte.<\/p>\n<p><strong>Weitergabe von personenbezogenen Daten an Dritte<\/strong><br \/>\nSoweit f\u00fcr die Erbringung einer von Ihnen angefragten Dienstleistung, f\u00fcr die Ausf\u00fchrung einer von Ihnen aufgegebenen Bestellung oder f\u00fcr die Abwicklung Ihrer Fragen erforderlich, k\u00f6nnen wir Ihre Daten an Dritte weitergeben, die wir f\u00fcr die Ausf\u00fchrung Ihres Auftrags ben\u00f6tigen. Externe Dienstleister verarbeiten Ihre Daten im Auftrag von StEP Noordoostpolder zu den oben genannten Zwecken. Wenn wir Ihre Daten an diese Dienstleister weitergeben, setzen wir Sie im Voraus davon in Kenntnis.<\/p>\n<p><strong>Aufbewahrungsfrist<\/strong><br \/>\nWir bewahren Daten zu Ihrer Person nur so lange auf, wie es f\u00fcr die Zwecke, zu denen sie erfasst wurden, notwendig ist. Wenn Sie zum Beispiel Kunde oder Lieferant von StEP Noordoostpolder sind, bewahren wir Ihre Daten f\u00fcr die Dauer der Vertragsbeziehung, die Sie oder Ihr Unternehmen mit uns hat, auf und nach Beendung dieser Beziehung noch so lange es erforderlich ist, um die oben genannten Zwecke zu erf\u00fcllen oder gesetzlichen Verpflichtungen, zum Beispiel gegen\u00fcber der Steuerbeh\u00f6rde, zu entsprechen. Daten, die wir infolge eines von Ihnen abgeschlossenen Abonnements unserer Marketingkommunikationsmittel erfassen, werden aufbewahrt, bis Sie sich entschlie\u00dfen, das Abonnement zu k\u00fcndigen.<\/p>\n<p><strong>Schutz Ihrer Daten<\/strong><br \/>\nWir tun alles daran, sicherzustellen, dass Ihre Daten sicher sind. Zur Vorbeugung gegen unbefugte Zugriffe und unbefugte Offenlegung haben wir technische und organisatorische Ma\u00dfnahmen zum Schutz und zur Sicherung der von uns verarbeiteten Daten getroffen.<\/p>\n<p><strong>Ihre Rechte<\/strong><br \/>\nSie haben das Recht, StEP Noordoostpolder zu ersuchen, Ihnen eine \u00dcbersicht der Daten, die wir \u00fcber Sie erfasst haben, zukommen zu lassen, bestimmte Daten zu berichtigen oder zu l\u00f6schen, die Verarbeitung Ihrer Daten einzuschr\u00e4nken oder einen Teil dieser Daten anderen Unternehmen zu \u00fcbermitteln. Sie k\u00f6nnen auch Widerspruch gegen jegliche Verarbeitung Ihrer Daten einzulegen. Wenn StEP Noordoostpolder Sie um Ihre Einwilligung zur Verarbeitung Ihrer Daten gebeten hat, k\u00f6nnen Sie diese Einwilligung jederzeit widerrufen.<\/p>\n<p>Wir hoffen, Ihre Fragen dar\u00fcber, wie wir Ihre Daten verarbeiten, beantwortet zu haben. Wenn Sie Bedenken \u00fcber die Weise, in der Ihre Daten von uns verarbeitet werden, haben, nehmen Sie bitte unter <a href=\"mailto:info@stepnop.nl\">info@stepnop.nl<\/a> Kontakt mit uns auf. Wenn Sie keine Marketingnachrichten mehr von uns empfangen m\u00f6chten, k\u00f6nnen Sie sich jederzeit abmelden, indem Sie unten in derartigen Mailings den Link \u201eAbmelden\u201c anklicken.<\/p>\n<p>Im Fall nicht gel\u00f6ster Probleme haben Sie das Recht, sich an Ihre lokale Datenschutzaufsichtsbeh\u00f6rde zu wenden. Wir hoffen, Ihnen dazu nie Anlass zu geben, und versichern Ihnen, dass wir uns alle M\u00fche geben werden, etwaige Unzufriedenheiten zu beheben.<\/p>\n<p><strong>Links zu anderen Websites<\/strong><br \/>\nUnsere Websites k\u00f6nnen Links zu anderen interessanten Websites enthalten. Wenn Sie diese Links verwenden, um unsere Website zu verlassen, sollten Sie jedoch bedenken, dass diese anderen Websites au\u00dferhalb unseres Einflussbereichs liegen. Darum haften wir nicht f\u00fcr den Schutz der Daten, die Sie bei einem Besuch derartiger Websites erteilen, und fallen derartige Websites nicht unter diese Datenschutzbestimmungen. Seien Sie wachsam und lesen Sie die Datenschutzerkl\u00e4rung, die f\u00fcr die betreffende Website gilt.<\/p>\n<p><strong>Verwendung von Cookies<\/strong><br \/>\nEinige Funktionen unserer Website erfordern die Verwendung so genannter Cookies. Dies sind kleine Textdateien, die auf der Festplatte Ihres Computers gespeichert werden. Wir verwenden Cookies, um zu erfassen, welche Seiten besucht werden und welche Funktionen am h\u00e4ufigsten genutzt werden. Dies erm\u00f6glicht es uns, unsere Website st\u00e4ndig zu verbessern, um den Bed\u00fcrfnissen unserer Besucher entsprechen zu k\u00f6nnen.<br \/>\nWeitere Informationen \u00fcber unsere Verwendung von Cookies finden Sie in unserer <a href=\"https:\/\/tulpenfestival.nl\/de\/cookie-erklaerung\/\">Cookie-Erkl\u00e4rung<\/a>.<\/p>\n<p><strong>Fragen?<\/strong><br \/>\nBei Fragen zu dieser Datenschutzerkl\u00e4rung k\u00f6nnen Sie unter <a href=\"mailto:info@stepnop.nl\">info@stepnop.nl<\/a> Kontakt mit uns aufnehmen.<\/p>\n<p><strong>\u00c4nderungen und anwendbares Recht<\/strong><br \/>\nStEP Noordoostpolder kann diese Datenschutzerkl\u00e4rung von Zeit zu Zeit durch Aktualisierung dieser Seite \u00e4ndern. Diese Datenschutzerkl\u00e4rung gilt ab dem 25. Mai 2018.[\/vc_column_text][\/vc_column][\/vc_row]<\/p>\n<\/div>","protected":false},"excerpt":{"rendered":"<p>[vc_row][vc_column][vc_column_text]Allgemeines In dieser Datenschutzerkl\u00e4rung wird erl\u00e4utert, wie wir die StEP Noordoostpolder beim Besuch dieser Website und bei Ihrer Korrespondenz mit uns erteilten Angaben verwenden und sch\u00fctzen. Von uns erfasste Daten Wenn Sie unsere Website besuchen, k\u00f6nnen Sie mittels der entsprechenden Kontaktformulare auf der Website Kontakt mit uns aufnehmen. Wir erfassen dann die dort eingetragenen Angaben,&hellip;<\/p>\n","protected":false},"author":1,"featured_media":0,"parent":0,"menu_order":0,"comment_status":"closed","ping_status":"closed","template":"","meta":{"footnotes":""},"class_list":["post-854","page","type-page","status-publish","hentry","description-off"],"_links":{"self":[{"href":"https:\/\/dev.tulpenfestival.nl\/de\/wp-json\/wp\/v2\/pages\/854","targetHints":{"allow":["GET"]}}],"collection":[{"href":"https:\/\/dev.tulpenfestival.nl\/de\/wp-json\/wp\/v2\/pages"}],"about":[{"href":"https:\/\/dev.tulpenfestival.nl\/de\/wp-json\/wp\/v2\/types\/page"}],"author":[{"embeddable":true,"href":"https:\/\/dev.tulpenfestival.nl\/de\/wp-json\/wp\/v2\/users\/1"}],"replies":[{"embeddable":true,"href":"https:\/\/dev.tulpenfestival.nl\/de\/wp-json\/wp\/v2\/comments?post=854"}],"version-history":[{"count":2,"href":"https:\/\/dev.tulpenfestival.nl\/de\/wp-json\/wp\/v2\/pages\/854\/revisions"}],"predecessor-version":[{"id":871,"href":"https:\/\/dev.tulpenfestival.nl\/de\/wp-json\/wp\/v2\/pages\/854\/revisions\/871"}],"wp:attachment":[{"href":"https:\/\/dev.tulpenfestival.nl\/de\/wp-json\/wp\/v2\/media?parent=854"}],"curies":[{"name":"wp","href":"https:\/\/api.w.org\/{rel}","templated":true}]}}